{"id":1756,"date":"2023-03-23T21:27:54","date_gmt":"2023-03-23T21:27:54","guid":{"rendered":"https:\/\/dpf.ppn.gov.ar\/?page_id=1756"},"modified":"2024-03-11T18:48:32","modified_gmt":"2024-03-11T18:48:32","slug":"informes-unidades","status":"publish","type":"page","link":"https:\/\/dpf.ppn.gov.ar\/index.php\/informes-unidades\/","title":{"rendered":"Informes Unidades"},"content":{"rendered":"\t\t<div data-elementor-type=\"wp-page\" data-elementor-id=\"1756\" class=\"elementor elementor-1756\">\n\t\t\t\t\t\t<section class=\"elementor-section elementor-top-section elementor-element elementor-element-4cf3edab elementor-section-boxed elementor-section-height-default elementor-section-height-default qodef-elementor-content-no\" data-id=\"4cf3edab\" data-element_type=\"section\" data-e-type=\"section\">\n\t\t\t\t\t\t<div class=\"elementor-container elementor-column-gap-default\">\n\t\t\t\t\t<div class=\"elementor-column elementor-col-100 elementor-top-column elementor-element elementor-element-345ed46b\" data-id=\"345ed46b\" data-element_type=\"column\" data-e-type=\"column\">\n\t\t\t<div class=\"elementor-widget-wrap elementor-element-populated\">\n\t\t\t\t\t\t<div class=\"elementor-element elementor-element-49d9a700 elementor-widget elementor-widget-text-editor\" data-id=\"49d9a700\" data-element_type=\"widget\" data-e-type=\"widget\" data-widget_type=\"text-editor.default\">\n\t\t\t\t<div class=\"elementor-widget-container\">\n\t\t\t\t\t\t\t\t\t<h4><span style=\"color: #193952;\"><strong>INFORMES UNIDADES<\/strong><\/span><\/h4>\t\t\t\t\t\t\t\t<\/div>\n\t\t\t\t<\/div>\n\t\t\t\t\t<\/div>\n\t\t<\/div>\n\t\t\t\t\t<\/div>\n\t\t<\/section>\n\t\t\t\t<section class=\"elementor-section elementor-top-section elementor-element elementor-element-249c4261 elementor-section-boxed elementor-section-height-default elementor-section-height-default qodef-elementor-content-no\" data-id=\"249c4261\" data-element_type=\"section\" data-e-type=\"section\">\n\t\t\t\t\t\t<div class=\"elementor-container elementor-column-gap-default\">\n\t\t\t\t\t<div class=\"elementor-column elementor-col-33 elementor-top-column elementor-element elementor-element-a496195\" data-id=\"a496195\" data-element_type=\"column\" data-e-type=\"column\">\n\t\t\t<div class=\"elementor-widget-wrap\">\n\t\t\t\t\t\t\t<\/div>\n\t\t<\/div>\n\t\t\t\t<div class=\"elementor-column elementor-col-33 elementor-top-column elementor-element elementor-element-19d2a903\" data-id=\"19d2a903\" data-element_type=\"column\" data-e-type=\"column\">\n\t\t\t<div class=\"elementor-widget-wrap elementor-element-populated\">\n\t\t\t\t\t\t<div class=\"elementor-element elementor-element-6c3f55d3 elementor-widget elementor-widget-text-editor\" data-id=\"6c3f55d3\" data-element_type=\"widget\" data-e-type=\"widget\" data-widget_type=\"text-editor.default\">\n\t\t\t\t<div class=\"elementor-widget-container\">\n\t\t\t\t\t\t\t\t\t<p><strong>En esta secci\u00f3n podr\u00e1n encontrar los informes de cada una de las unidades realizados a continuaci\u00f3n de las visitas de campo, las fotos de las unidades y las recomendaciones emitidas. <\/strong><\/p>\t\t\t\t\t\t\t\t<\/div>\n\t\t\t\t<\/div>\n\t\t\t\t<div class=\"elementor-element elementor-element-a304f54 elementor-widget__width-initial elementor-widget elementor-widget-text-editor\" data-id=\"a304f54\" data-element_type=\"widget\" data-e-type=\"widget\" data-widget_type=\"text-editor.default\">\n\t\t\t\t<div class=\"elementor-widget-container\">\n\t\t\t\t\t\t\t\t\t<ul><li style=\"list-style-type: none;\"><ul><li style=\"text-align: left;\"><span style=\"text-decoration: underline;\"><span style=\"text-decoration: underline;\"><a href=\"https:\/\/dpf.ppn.gov.ar\/index.php\/informes-unidades\/complejo-penitenciario-federal-i-ezeiza-buenos-aires\/\"><span style=\"font-weight: 400;\"><span style=\"font-weight: 400;\">Complejo Penitenciario Federal I &#8211; Ezeiza, Buenos Aires<\/span><\/span><\/a><\/span><\/span><span style=\"text-decoration: underline;\"><br \/><\/span><\/li><\/ul><\/li><\/ul><ul><li style=\"list-style-type: none;\"><ul><li style=\"text-align: left;\"><span style=\"text-decoration: underline;\"><span style=\"text-decoration: underline;\"><a href=\"https:\/\/dpf.ppn.gov.ar\/index.php\/informes-unidades\/complejo-penitenciario-federal-ii-marcos-paz-buenos-aires\/\"><span style=\"font-weight: 400;\"><span style=\"font-weight: 400;\">Complejo Penitenciario Federal II &#8211; Marcos Paz, Buenos Aires<\/span><\/span><\/a><\/span><\/span><span style=\"text-decoration: underline;\"><br \/><\/span><\/li><\/ul><\/li><\/ul><ul><li style=\"list-style-type: none;\"><ul><li style=\"text-align: left;\"><span style=\"font-weight: 400;\"><span style=\"font-weight: 400;\"><span style=\"font-weight: 400;\"><span style=\"text-decoration: underline;\"><a href=\"https:\/\/dpf.ppn.gov.ar\/index.php\/informes-unidades\/complejo-penitenciario-federal-iii-general-guemes-salta\/\">Complejo Penitenciario Federal III &#8211; General G\u00fcemes, Salta<\/a><\/span><\/span><\/span><\/span><span style=\"font-weight: 400;\"><span style=\"font-weight: 400;\"><span style=\"font-weight: 400;\"><br \/><\/span><\/span><\/span><\/li><\/ul><\/li><\/ul><ul><li style=\"list-style-type: none;\"><ul><li style=\"text-align: left;\"><span style=\"text-decoration: underline;\"><span style=\"text-decoration: underline;\"><a href=\"https:\/\/dpf.ppn.gov.ar\/index.php\/informes-unidades\/complejo-penitenciario-federal-iv-ezeiza-buenos-aires\/\"><span style=\"font-weight: 400;\"><span style=\"font-weight: 400;\">Complejo Penitenciario Federal IV &#8211; Ezeiza, Buenos Aires<\/span><\/span><\/a><\/span><\/span><span style=\"text-decoration: underline;\"><br \/><\/span><\/li><\/ul><\/li><\/ul><ul><li style=\"list-style-type: none;\"><ul><li style=\"text-align: left;\"><span style=\"text-decoration: underline;\"><span style=\"text-decoration: underline;\"><a href=\"https:\/\/dpf.ppn.gov.ar\/index.php\/informes-unidades\/complejo-penitenciario-federal-v-senillosa-neuquen\/\"><span style=\"font-weight: 400;\"><span style=\"font-weight: 400;\">Complejo Penitenciario Federal V &#8211; Senillosa, Neuqu\u00e9n<\/span><\/span><\/a><\/span><\/span><span style=\"text-decoration: underline;\"><br \/><\/span><\/li><\/ul><\/li><\/ul><ul><li style=\"list-style-type: none;\"><ul><li style=\"text-align: left;\"><span style=\"text-decoration: underline;\"><span style=\"text-decoration: underline;\"><a href=\"https:\/\/dpf.ppn.gov.ar\/index.php\/informes-unidades\/complejo-penitenciario-federal-vi-lujan-de-cuyo-mendoza\/\"><span style=\"font-weight: 400;\"><span style=\"font-weight: 400;\">Complejo Penitenciario Federal VI &#8211; Luj\u00e1n de Cuyo, Mendoza<\/span><\/span><\/a><\/span><\/span><span style=\"text-decoration: underline;\"><br \/><\/span><\/li><\/ul><\/li><\/ul><ul><li style=\"list-style-type: none;\"><ul><li style=\"text-align: left;\"><a href=\"https:\/\/dpf.ppn.gov.ar\/index.php\/informes-unidades\/complejo-penitenciario-federal-vii-ezeiza-buenos-aires\/\"><span style=\"text-decoration-line: underline;\">Complejo Penitenciario Federal VII &#8211; Ezeiza, Buenos Aires\u00a0<\/span><\/a><\/li><\/ul><\/li><\/ul><ul><li style=\"list-style-type: none;\"><ul><li style=\"text-align: left;\"><span style=\"font-weight: 400;\"><span style=\"font-weight: 400;\"><span style=\"font-weight: 400;\"><a href=\"https:\/\/dpf.ppn.gov.ar\/index.php\/informes-unidades\/complejo-penitenciario-federal-de-la-ciudad-autonoma-de-buenos-aires-caba\/\"><span style=\"text-decoration: underline;\">Complejo Penitenciario Federal de la Ciudad Aut\u00f3noma de Buenos Aires &#8211; CABA<\/span><\/a><\/span><\/span><\/span><span style=\"font-weight: 400;\"><span style=\"font-weight: 400;\"><br \/><\/span><\/span><\/li><\/ul><\/li><\/ul><ul><li style=\"list-style-type: none;\"><ul><li style=\"text-align: left;\"><span style=\"font-weight: 400;\"><span style=\"font-weight: 400;\"><span style=\"font-weight: 400;\"><span style=\"text-decoration: underline;\"><a href=\"https:\/\/dpf.ppn.gov.ar\/index.php\/informes-unidades\/complejo-federal-de-jovenes-adultos-de-marcos-paz\/\">Complejo Federal de J\u00f3venes Adultos &#8211; Marcos Paz, Buenos Aires\u00a0<\/a><\/span><\/span><\/span><\/span><span style=\"font-weight: 400;\"><span style=\"font-weight: 400;\"><span style=\"font-weight: 400;\"><br \/><\/span><\/span><\/span><\/li><\/ul><\/li><\/ul><ul><li style=\"list-style-type: none;\"><ul><li style=\"text-align: left;\"><span style=\"font-weight: 400;\"><span style=\"font-weight: 400;\"><span style=\"font-weight: 400;\"><span style=\"text-decoration: underline;\"><a href=\"https:\/\/dpf.ppn.gov.ar\/index.php\/informes-unidades\/unidad-4-santa-rosa-la-pampa\/\">Unidad 4 &#8211; Santa Rosa, La Pampa\u00a0<\/a><\/span><\/span><\/span><\/span><span style=\"font-weight: 400;\"><span style=\"font-weight: 400;\"><span style=\"font-weight: 400;\"><br \/><\/span><\/span><\/span><\/li><\/ul><\/li><\/ul><ul><li style=\"list-style-type: none;\"><ul><li style=\"text-align: left;\"><span style=\"font-weight: 400;\"><span style=\"font-weight: 400;\"><span style=\"font-weight: 400;\"><span style=\"text-decoration: underline;\"><a href=\"https:\/\/dpf.ppn.gov.ar\/index.php\/informes-unidades\/unidad-5-general-roca-rio-negro\/\">Unidad 5 &#8211; General Roca, R\u00edo Negro<\/a><\/span><\/span><\/span><\/span><span style=\"font-weight: 400;\"><span style=\"font-weight: 400;\"><span style=\"font-weight: 400;\"><br \/><\/span><\/span><\/span><\/li><\/ul><\/li><\/ul><ul><li style=\"list-style-type: none;\"><ul><li style=\"text-align: left;\"><span style=\"text-decoration: underline;\"><a href=\"https:\/\/dpf.ppn.gov.ar\/index.php\/informes-unidades\/unidad-6-rawson-chubut\/\"><span style=\"font-weight: 400;\"><span style=\"font-weight: 400;\">Unidad 6 &#8211; Rawson, Chubut<\/span><\/span><\/a><\/span><\/li><\/ul><\/li><\/ul><ul><li style=\"list-style-type: none;\"><ul><li style=\"text-align: left;\"><span style=\"font-weight: 400;\"><span style=\"font-weight: 400;\"><span style=\"font-weight: 400;\"><span style=\"text-decoration: underline;\"><a href=\"https:\/\/dpf.ppn.gov.ar\/index.php\/informes-unidades\/unidad-7-resistencia-chaco\">Unidad 7 &#8211; Resistencia, Chaco<\/a><\/span><\/span><\/span><\/span><span style=\"font-weight: 400;\"><span style=\"font-weight: 400;\"><span style=\"font-weight: 400;\"><br \/><\/span><\/span><\/span><\/li><\/ul><\/li><\/ul><ul><li style=\"list-style-type: none;\"><ul><li style=\"text-align: left;\"><span style=\"font-weight: 400;\"><span style=\"font-weight: 400;\"><span style=\"font-weight: 400;\"><span style=\"text-decoration: underline;\"><a href=\"https:\/\/dpf.ppn.gov.ar\/index.php\/informes-unidades\/unidad-8-san-salvador-de-jujuy-jujuy\">Unidad 8 &#8211; San Salvador de Jujuy, Jujuy<\/a><\/span><\/span><\/span><\/span><span style=\"font-weight: 400;\"><span style=\"font-weight: 400;\"><span style=\"font-weight: 400;\"><br \/><\/span><\/span><\/span><\/li><\/ul><\/li><\/ul><ul><li style=\"list-style-type: none;\"><ul><li style=\"text-align: left;\"><span style=\"text-decoration: underline;\"><a href=\"https:\/\/dpf.ppn.gov.ar\/index.php\/informes-unidades\/unidad-11-roque-saenz-pena-chaco\/\"><span style=\"font-weight: 400;\"><span style=\"font-weight: 400;\">Unidad 11 &#8211; Roque Saenz Pe\u00f1a, Chaco<\/span><\/span><\/a><\/span><\/li><\/ul><\/li><\/ul><ul><li style=\"list-style-type: none;\"><ul><li style=\"text-align: left;\"><span style=\"font-weight: 400;\"><span style=\"font-weight: 400;\"><span style=\"font-weight: 400;\"><span style=\"text-decoration: underline;\"><a href=\"https:\/\/dpf.ppn.gov.ar\/index.php\/informes-unidades\/unidad-12-viedma-rio-negro\/\">Unidad 12 &#8211; Viedma, R\u00edo Negro<\/a><\/span><\/span><\/span><\/span><span style=\"font-weight: 400;\"><span style=\"font-weight: 400;\"><span style=\"font-weight: 400;\"><br \/><\/span><\/span><\/span><\/li><\/ul><\/li><\/ul><ul><li style=\"list-style-type: none;\"><ul><li style=\"text-align: left;\"><span style=\"font-weight: 400;\"><span style=\"font-weight: 400;\"><span style=\"font-weight: 400;\"><span style=\"text-decoration: underline;\"><a href=\"https:\/\/dpf.ppn.gov.ar\/index.php\/informes-unidades\/unidad-13-la-pampa-santa-rosa\/\">Unidad 13 &#8211; La Pampa, Santa Rosa<\/a><\/span><\/span><\/span><\/span><span style=\"font-weight: 400;\"><span style=\"font-weight: 400;\"><span style=\"font-weight: 400;\"><br \/><\/span><\/span><\/span><\/li><\/ul><\/li><\/ul><ul><li style=\"list-style-type: none;\"><ul><li style=\"text-align: left;\"><span style=\"text-decoration: underline;\"><span style=\"text-decoration: underline;\"><a href=\"https:\/\/dpf.ppn.gov.ar\/index.php\/informes-unidades\/unidad-16-cerrillos-salta\"><span style=\"font-weight: 400;\"><span style=\"font-weight: 400;\">Unidad 16 &#8211; Cerrillos, Salta<\/span><\/span><\/a><\/span><\/span><span style=\"text-decoration: underline;\"><br \/><\/span><\/li><\/ul><\/li><\/ul><ul><li style=\"list-style-type: none;\"><ul><li style=\"text-align: left;\"><span style=\"text-decoration: underline;\"><span style=\"text-decoration: underline;\"><a href=\"https:\/\/dpf.ppn.gov.ar\/index.php\/informes-unidades\/unidad-17-candelaria-misiones\"><span style=\"font-weight: 400;\"><span style=\"font-weight: 400;\">Unidad 17 &#8211; Candelaria, Misiones<\/span><\/span><\/a><\/span><\/span><span style=\"text-decoration: underline;\"><br \/><\/span><\/li><\/ul><\/li><\/ul><ul><li style=\"list-style-type: none;\"><ul><li style=\"text-align: left;\"><span style=\"text-decoration: underline;\"><span style=\"text-decoration: underline;\"><a href=\"https:\/\/dpf.ppn.gov.ar\/index.php\/informes-unidades\/unidad-19-ezeiza-buenos-aires\/\"><span style=\"font-weight: 400;\"><span style=\"font-weight: 400;\">Unidad 19 &#8211; Ezeiza, Buenos Aires<\/span><\/span><\/a><\/span><\/span><span style=\"text-decoration: underline;\"><br \/><\/span><\/li><\/ul><\/li><\/ul><ul><li style=\"list-style-type: none;\"><ul><li style=\"text-align: left;\"><span style=\"text-decoration: underline;\"><span style=\"text-decoration: underline;\"><a href=\"https:\/\/dpf.ppn.gov.ar\/index.php\/informes-unidades\/unidad-22-san-salvador-de-jujuy-jujuy\"><span style=\"font-weight: 400;\"><span style=\"font-weight: 400;\">Unidad 22 &#8211; San Salvador de Jujuy, Jujuy<\/span><\/span><\/a><\/span><\/span><span style=\"text-decoration: underline;\"><br \/><\/span><\/li><\/ul><\/li><\/ul><ul><li style=\"list-style-type: none;\"><ul><li style=\"text-align: left;\"><span style=\"text-decoration: underline;\"><span style=\"text-decoration: underline;\"><a href=\"https:\/\/dpf.ppn.gov.ar\/index.php\/informes-unidades\/unidad-23-salta-salta\/\"><span style=\"font-weight: 400;\"><span style=\"font-weight: 400;\">Unidad 23 &#8211; Salta, Salta<\/span><\/span><\/a><\/span><\/span><span style=\"text-decoration: underline;\"><br \/><\/span><\/li><\/ul><\/li><\/ul><ul><li style=\"list-style-type: none;\"><ul><li style=\"text-align: left;\"><span style=\"text-decoration: underline;\"><span style=\"text-decoration: underline;\"><a href=\"https:\/\/dpf.ppn.gov.ar\/index.php\/informes-unidades\/unidad-25-general-pico-la-pampa\"><span style=\"font-weight: 400;\"><span style=\"font-weight: 400;\">Unidad 25 &#8211; General Pico, La Pampa<\/span><\/span><\/a><\/span><\/span><span style=\"text-decoration: underline;\"><br \/><\/span><\/li><\/ul><\/li><\/ul><ul><li style=\"list-style-type: none;\"><ul><li style=\"text-align: left;\"><span style=\"text-decoration: underline;\"><span style=\"text-decoration: underline;\"><a href=\"https:\/\/dpf.ppn.gov.ar\/index.php\/informes-unidades\/unidad-30-santa-rosa-la-pampa\/\"><span style=\"font-weight: 400;\"><span style=\"font-weight: 400;\">Unidad 30 &#8211; Santa Rosa, La Pampa<\/span><\/span><\/a><\/span><\/span><span style=\"text-decoration: underline;\"><br \/><\/span><\/li><\/ul><\/li><\/ul><ul><li style=\"text-align: left;\"><span style=\"text-decoration: underline;\"><a href=\"https:\/\/dpf.ppn.gov.ar\/index.php\/informes-unidades\/unidad-35-san-martin-santiago-del-estero\/\"><span style=\"font-weight: 400;\">Unidad 35 &#8211; San Mart\u00edn, Santiago del Estero<\/span><\/a><\/span><\/li><\/ul>\t\t\t\t\t\t\t\t<\/div>\n\t\t\t\t<\/div>\n\t\t\t\t\t<\/div>\n\t\t<\/div>\n\t\t\t\t<div class=\"elementor-column elementor-col-33 elementor-top-column elementor-element elementor-element-4bc18a31\" data-id=\"4bc18a31\" data-element_type=\"column\" data-e-type=\"column\">\n\t\t\t<div class=\"elementor-widget-wrap\">\n\t\t\t\t\t\t\t<\/div>\n\t\t<\/div>\n\t\t\t\t\t<\/div>\n\t\t<\/section>\n\t\t\t\t<section class=\"elementor-section elementor-top-section elementor-element elementor-element-55fb165d elementor-section-boxed elementor-section-height-default elementor-section-height-default qodef-elementor-content-no\" data-id=\"55fb165d\" data-element_type=\"section\" data-e-type=\"section\">\n\t\t\t\t\t\t<div class=\"elementor-container elementor-column-gap-default\">\n\t\t\t\t\t<div class=\"elementor-column elementor-col-100 elementor-top-column elementor-element elementor-element-6af0e9fc\" data-id=\"6af0e9fc\" data-element_type=\"column\" data-e-type=\"column\">\n\t\t\t<div class=\"elementor-widget-wrap\">\n\t\t\t\t\t\t\t<\/div>\n\t\t<\/div>\n\t\t\t\t\t<\/div>\n\t\t<\/section>\n\t\t\t\t<section class=\"elementor-section elementor-top-section elementor-element elementor-element-5e6686b elementor-section-boxed elementor-section-height-default elementor-section-height-default qodef-elementor-content-no\" data-id=\"5e6686b\" data-element_type=\"section\" data-e-type=\"section\">\n\t\t\t\t\t\t<div class=\"elementor-container elementor-column-gap-default\">\n\t\t\t\t\t<div class=\"elementor-column elementor-col-100 elementor-top-column elementor-element elementor-element-faf992c\" data-id=\"faf992c\" data-element_type=\"column\" data-e-type=\"column\">\n\t\t\t<div class=\"elementor-widget-wrap elementor-element-populated\">\n\t\t\t\t\t\t<div class=\"elementor-element elementor-element-297fc2d elementor-widget elementor-widget-spacer\" data-id=\"297fc2d\" data-element_type=\"widget\" data-e-type=\"widget\" data-widget_type=\"spacer.default\">\n\t\t\t\t<div class=\"elementor-widget-container\">\n\t\t\t\t\t\t\t<div class=\"elementor-spacer\">\n\t\t\t<div class=\"elementor-spacer-inner\"><\/div>\n\t\t<\/div>\n\t\t\t\t\t\t<\/div>\n\t\t\t\t<\/div>\n\t\t\t\t\t<\/div>\n\t\t<\/div>\n\t\t\t\t\t<\/div>\n\t\t<\/section>\n\t\t\t\t<\/div>\n\t\t","protected":false},"excerpt":{"rendered":"<p>INFORMES UNIDADES En esta secci\u00f3n podr\u00e1n encontrar los informes de cada una de las unidades realizados a continuaci\u00f3n de las visitas de campo, las fotos de las unidades y las recomendaciones emitidas. Complejo Penitenciario Federal I &#8211; Ezeiza, Buenos Aires Complejo Penitenciario Federal II &#8211; Marcos Paz, Buenos Aires Complejo Penitenciario Federal III &#8211; General [&hellip;]<\/p>\n","protected":false},"author":2,"featured_media":0,"parent":0,"menu_order":0,"comment_status":"closed","ping_status":"closed","template":"","meta":{"footnotes":""},"class_list":["post-1756","page","type-page","status-publish","hentry"],"_links":{"self":[{"href":"https:\/\/dpf.ppn.gov.ar\/index.php\/wp-json\/wp\/v2\/pages\/1756","targetHints":{"allow":["GET"]}}],"collection":[{"href":"https:\/\/dpf.ppn.gov.ar\/index.php\/wp-json\/wp\/v2\/pages"}],"about":[{"href":"https:\/\/dpf.ppn.gov.ar\/index.php\/wp-json\/wp\/v2\/types\/page"}],"author":[{"embeddable":true,"href":"https:\/\/dpf.ppn.gov.ar\/index.php\/wp-json\/wp\/v2\/users\/2"}],"replies":[{"embeddable":true,"href":"https:\/\/dpf.ppn.gov.ar\/index.php\/wp-json\/wp\/v2\/comments?post=1756"}],"version-history":[{"count":71,"href":"https:\/\/dpf.ppn.gov.ar\/index.php\/wp-json\/wp\/v2\/pages\/1756\/revisions"}],"predecessor-version":[{"id":3719,"href":"https:\/\/dpf.ppn.gov.ar\/index.php\/wp-json\/wp\/v2\/pages\/1756\/revisions\/3719"}],"wp:attachment":[{"href":"https:\/\/dpf.ppn.gov.ar\/index.php\/wp-json\/wp\/v2\/media?parent=1756"}],"curies":[{"name":"wp","href":"https:\/\/api.w.org\/{rel}","templated":true}]}}