{"id":1768,"date":"2023-03-23T21:38:59","date_gmt":"2023-03-23T21:38:59","guid":{"rendered":"https:\/\/dpf.ppn.gov.ar\/?page_id=1768"},"modified":"2023-09-14T14:17:13","modified_gmt":"2023-09-14T14:17:13","slug":"recomendaciones","status":"publish","type":"page","link":"https:\/\/dpf.ppn.gov.ar\/index.php\/recomendaciones\/","title":{"rendered":"Recomendaciones"},"content":{"rendered":"\t\t<div data-elementor-type=\"wp-page\" data-elementor-id=\"1768\" class=\"elementor elementor-1768\">\n\t\t\t\t\t\t<section class=\"elementor-section elementor-top-section elementor-element elementor-element-25026a36 elementor-section-boxed elementor-section-height-default elementor-section-height-default qodef-elementor-content-no\" data-id=\"25026a36\" data-element_type=\"section\" data-e-type=\"section\">\n\t\t\t\t\t\t<div class=\"elementor-container elementor-column-gap-default\">\n\t\t\t\t\t<div class=\"elementor-column elementor-col-100 elementor-top-column elementor-element elementor-element-15b4b7c8\" data-id=\"15b4b7c8\" data-element_type=\"column\" data-e-type=\"column\">\n\t\t\t<div class=\"elementor-widget-wrap elementor-element-populated\">\n\t\t\t\t\t\t<div class=\"elementor-element elementor-element-5c731181 elementor-widget elementor-widget-text-editor\" data-id=\"5c731181\" data-element_type=\"widget\" data-e-type=\"widget\" data-widget_type=\"text-editor.default\">\n\t\t\t\t<div class=\"elementor-widget-container\">\n\t\t\t\t\t\t\t\t\t<h4><span style=\"color: #193952;\"><strong>RECOMENDACIONES<\/strong><\/span><\/h4>\t\t\t\t\t\t\t\t<\/div>\n\t\t\t\t<\/div>\n\t\t\t\t\t<\/div>\n\t\t<\/div>\n\t\t\t\t\t<\/div>\n\t\t<\/section>\n\t\t\t\t<section class=\"elementor-section elementor-top-section elementor-element elementor-element-3f64484c elementor-section-boxed elementor-section-height-default elementor-section-height-default qodef-elementor-content-no\" data-id=\"3f64484c\" data-element_type=\"section\" data-e-type=\"section\">\n\t\t\t\t\t\t<div class=\"elementor-container elementor-column-gap-default\">\n\t\t\t\t\t<div class=\"elementor-column elementor-col-33 elementor-top-column elementor-element elementor-element-7546ee2d\" data-id=\"7546ee2d\" data-element_type=\"column\" data-e-type=\"column\">\n\t\t\t<div class=\"elementor-widget-wrap\">\n\t\t\t\t\t\t\t<\/div>\n\t\t<\/div>\n\t\t\t\t<div class=\"elementor-column elementor-col-33 elementor-top-column elementor-element elementor-element-47ef211\" data-id=\"47ef211\" data-element_type=\"column\" data-e-type=\"column\">\n\t\t\t<div class=\"elementor-widget-wrap elementor-element-populated\">\n\t\t\t\t\t\t<div class=\"elementor-element elementor-element-28a74d4e elementor-widget elementor-widget-text-editor\" data-id=\"28a74d4e\" data-element_type=\"widget\" data-e-type=\"widget\" data-widget_type=\"text-editor.default\">\n\t\t\t\t<div class=\"elementor-widget-container\">\n\t\t\t\t\t\t\t\t\t<p><strong>En este apartado podr\u00e1n encontrar todas las recomendaciones emitidas en el marco del Diagn\u00f3stico Penitenciario Federal. Por lo general hemos realizado una recomendaci\u00f3n luego de las visitas a cada una de las unidades relevadas.<br \/>Adem\u00e1s, realizamos una recomendaci\u00f3n general sobre el mantenimiento de las unidades, sugiriendo a la Direcci\u00f3n Nacional del SPF la adopci\u00f3n de un Protocolo de mantenimiento, seguridad e higiene de los establecimientos penitenciarios federales.\u00a0<br \/><\/strong><\/p><p><a href=\"https:\/\/dpf.ppn.gov.ar\/wp-content\/uploads\/2023\/09\/Recomendacion-DPF-Protocolo-de-mantenimiento-seguridad-e-higiene.pdf\" target=\"_blank\" rel=\"noopener\"><span style=\"text-decoration: underline;\"><em>Recomendaci\u00f3n para la adopci\u00f3n de un Protocolo de mantenimiento, higiene y seguridad en las c\u00e1rceles federales<\/em><\/span><\/a><\/p>\t\t\t\t\t\t\t\t<\/div>\n\t\t\t\t<\/div>\n\t\t\t\t<div class=\"elementor-element elementor-element-2781bda8 elementor-widget elementor-widget-text-editor\" data-id=\"2781bda8\" data-element_type=\"widget\" data-e-type=\"widget\" data-widget_type=\"text-editor.default\">\n\t\t\t\t<div class=\"elementor-widget-container\">\n\t\t\t\t\t\t\t\t\t<ul><li style=\"text-align: left;\"><span style=\"text-decoration: underline;\"><span style=\"text-decoration: underline;\"><a href=\"https:\/\/dpf.ppn.gov.ar\/wp-content\/uploads\/2023\/03\/Recomendacion-937-CPF-I-Ezeiza-DPF.pdf\" target=\"_blank\" rel=\"noopener\"><span style=\"font-weight: 400;\"><span style=\"font-weight: 400;\">Complejo Penitenciario Federal I &#8211; Ezeiza, Buenos Aires<\/span><\/span><\/a><br \/><br \/><\/span><\/span><\/li><li style=\"text-align: left;\"><a href=\"https:\/\/dpf.ppn.gov.ar\/wp-content\/uploads\/2023\/03\/Recomendacion-924-CPF-II-Marcos-Paz-DPF.pdf\" target=\"_blank\" rel=\"noopener\"><span style=\"text-decoration: underline;\"><span style=\"font-weight: 400;\"><span style=\"font-weight: 400;\">Complejo Penitenciario Federal II &#8211; Marcos Paz, Buenos Aires<\/span><\/span><\/span><\/a><br \/><br \/><\/li><li style=\"text-align: left;\"><span style=\"text-decoration: underline;\"><span style=\"text-decoration: underline;\"><a href=\"https:\/\/dpf.ppn.gov.ar\/wp-content\/uploads\/2023\/03\/Recomendacion-923-CPF-III-Guemes-DPF.pdf\" target=\"_blank\" rel=\"noopener\"><span style=\"font-weight: 400;\"><span style=\"font-weight: 400;\">Complejo Penitenciario Federal III &#8211; General G\u00fcemes, Salta<\/span><\/span><\/a><br \/><br \/><\/span><\/span><\/li><li style=\"text-align: left;\"><span style=\"text-decoration: underline;\"><span style=\"text-decoration: underline;\"><a href=\"https:\/\/dpf.ppn.gov.ar\/wp-content\/uploads\/2023\/03\/Recomendacion-933-CPF-IV-__.pdf\" target=\"_blank\" rel=\"noopener\"><span style=\"font-weight: 400;\"><span style=\"font-weight: 400;\">Complejo Penitenciario Federal IV &#8211; Ezeiza, Buenos Aires<\/span><\/span><\/a><br \/><br \/><\/span><\/span><\/li><li style=\"text-align: left;\"><span style=\"text-decoration: underline;\"><span style=\"text-decoration: underline;\"><a href=\"https:\/\/dpf.ppn.gov.ar\/wp-content\/uploads\/2023\/03\/Recomendacion-929-CPFV-Senillosa-DPF.pdf\" target=\"_blank\" rel=\"noopener\"><span style=\"font-weight: 400;\"><span style=\"font-weight: 400;\">Complejo Penitenciario Federal V &#8211; Senillosa, Neuqu\u00e9n<\/span><\/span><\/a><br \/><br \/><\/span><\/span><\/li><li style=\"text-align: left;\"><span style=\"text-decoration: underline;\"><span style=\"text-decoration: underline;\"><span style=\"text-decoration: underline;\"><a href=\"https:\/\/dpf.ppn.gov.ar\/wp-content\/uploads\/2023\/03\/Recomendacion-939-CPFVI-Cuyo-DPF.pdf\" target=\"_blank\" rel=\"noopener\"><span style=\"font-weight: 400;\"><span style=\"font-weight: 400;\">Complejo Penitenciario Federal VI &#8211; Luj\u00e1n de Cuyo, Mendoza<\/span><\/span>\u00a0<\/a><br \/><br \/><\/span><\/span><\/span><\/li><li style=\"text-align: left;\"><span style=\"text-decoration: underline;\"><span style=\"text-decoration: underline;\"><span style=\"text-decoration: underline;\"><a href=\"https:\/\/dpf.ppn.gov.ar\/wp-content\/uploads\/2023\/03\/Recomendacion-949-CPF-CABA-DPF.pdf\" target=\"_blank\" rel=\"noopener\"><span style=\"font-weight: 400;\"><span style=\"font-weight: 400;\">Complejo Penitenciario Federal de la Ciudad Aut\u00f3noma de Buenos Aires &#8211; CABA<\/span><\/span>\u00a0<\/a><br \/><br \/><\/span><\/span><\/span><\/li><li style=\"text-align: left;\"><span style=\"text-decoration: underline;\"><a href=\"https:\/\/dpf.ppn.gov.ar\/wp-content\/uploads\/2023\/03\/Recomendacion-947-U.4-DPF.pdf\" target=\"_blank\" rel=\"noopener\"><span style=\"font-weight: 400;\"><span style=\"font-weight: 400;\">Unidad 4 &#8211; Santa Rosa, La Pampa<br \/><br \/><\/span><\/span> <\/a><\/span><\/li><li style=\"text-align: left;\"><span style=\"text-decoration: underline;\"><a href=\"https:\/\/dpf.ppn.gov.ar\/wp-content\/uploads\/2023\/03\/Recomendacion-930-U.5-DPF.pdf\" target=\"_blank\" rel=\"noopener\"><span style=\"font-weight: 400;\"><span style=\"font-weight: 400;\">Unidad 5 &#8211; General Roca, R\u00edo Negro<\/span><\/span>\u00a0<\/a><br \/><br \/><\/span><\/li><li style=\"text-align: left;\"><span style=\"text-decoration: underline;\"><a href=\"https:\/\/dpf.ppn.gov.ar\/wp-content\/uploads\/2023\/03\/Recomendacion-932-U.6-DPF.pdf\" target=\"_blank\" rel=\"noopener\"><span style=\"font-weight: 400;\"><span style=\"font-weight: 400;\">Unidad 6 &#8211; Rawson, Chubut<\/span><\/span><\/a><br \/><br \/><\/span><\/li><li style=\"text-align: left;\"><a href=\"https:\/\/dpf.ppn.gov.ar\/wp-content\/uploads\/2023\/03\/Recomendacion-918-U.7-DPF.pdf\" target=\"_blank\" rel=\"noopener\"><span style=\"text-decoration: underline;\"><span style=\"font-weight: 400;\"><span style=\"font-weight: 400;\">Unidad 7 &#8211; Resistencia, Chaco<\/span><\/span><\/span><\/a><span style=\"font-weight: 400;\"><span style=\"font-weight: 400;\"><br \/><br \/><\/span><\/span><\/li><li style=\"text-align: left;\"><span style=\"font-weight: 400;\"><span style=\"font-weight: 400;\"><span style=\"text-decoration: underline;\"><a href=\"https:\/\/dpf.ppn.gov.ar\/wp-content\/uploads\/2023\/03\/Recomendacion-920-U.11-DPF.pdf\" target=\"_blank\" rel=\"noopener\">Unidad 11 &#8211; Roque Saenz Pe\u00f1a, Chaco<\/a><\/span><br \/><\/span><\/span>\u00a0<\/li><li style=\"text-align: left;\"><a href=\"https:\/\/dpf.ppn.gov.ar\/wp-content\/uploads\/2023\/03\/Recomendacion-926-U.12-DPF.pdf\" target=\"_blank\" rel=\"noopener\"><span style=\"text-decoration: underline;\"><span style=\"font-weight: 400;\"><span style=\"font-weight: 400;\">Unidad 12 &#8211; Viedma, R\u00edo Negro<\/span><\/span><\/span><\/a><br \/><br \/><\/li><li style=\"text-align: left;\"><span style=\"font-weight: 400;\"><span style=\"font-weight: 400;\"><span style=\"text-decoration: underline;\"><a href=\"https:\/\/dpf.ppn.gov.ar\/wp-content\/uploads\/2023\/03\/Recomendacion-945-U.13-DPF.pdf\" target=\"_blank\" rel=\"noopener\">Unidad 13 &#8211; La Pampa, Santa Rosa<\/a><\/span><br \/><\/span><\/span>\u00a0<\/li><li style=\"text-align: left;\"><span style=\"text-decoration: underline;\"><span style=\"text-decoration: underline;\"><a href=\"https:\/\/dpf.ppn.gov.ar\/wp-content\/uploads\/2023\/03\/Recomendacion-921-U.16-DPF.pdf\" target=\"_blank\" rel=\"noopener\"><span style=\"font-weight: 400;\"><span style=\"font-weight: 400;\">Unidad 16 &#8211; Cerrillos, Salta<br \/><br \/><\/span><\/span><\/a><\/span><\/span><\/li><li style=\"text-align: left;\"><span style=\"text-decoration: underline;\"><span style=\"text-decoration: underline;\"><a href=\"https:\/\/dpf.ppn.gov.ar\/wp-content\/uploads\/2023\/03\/Recomendacion-950-U.17-DPF.pdf\" target=\"_blank\" rel=\"noopener\"><span style=\"font-weight: 400;\"><span style=\"font-weight: 400;\">Unidad 17 &#8211; Candelaria, Misiones<\/span><\/span>\u00a0<\/a><br \/><br \/><\/span><\/span><\/li><li style=\"text-align: left;\"><span style=\"text-decoration: underline;\"><span style=\"text-decoration: underline;\"><a href=\"https:\/\/dpf.ppn.gov.ar\/wp-content\/uploads\/2023\/03\/Recomendacion-952-U.19-DPF.pdf\" target=\"_blank\" rel=\"noopener\"><span style=\"font-weight: 400;\"><span style=\"font-weight: 400;\">Unidad 19 &#8211; Ezeiza, Buenos Aires<\/span><\/span>\u00a0<\/a><br \/><br \/><\/span><\/span><\/li><li style=\"text-align: left;\"><span style=\"text-decoration: underline;\"><span style=\"text-decoration: underline;\"><a href=\"https:\/\/dpf.ppn.gov.ar\/wp-content\/uploads\/2023\/03\/Recomendacion-944-U.22-DPF.pdf\"><span style=\"font-weight: 400;\"><span style=\"font-weight: 400;\">Unidad 22 &#8211; San Salvador de Jujuy, Jujuy<\/span><\/span>\u00a0<\/a><br \/><br \/><\/span><\/span><\/li><li style=\"text-align: left;\"><span style=\"text-decoration: underline;\"><span style=\"text-decoration: underline;\"><a href=\"https:\/\/dpf.ppn.gov.ar\/wp-content\/uploads\/2023\/03\/Recomendacion-922-U.23-DPF.pdf\"><span style=\"font-weight: 400;\"><span style=\"font-weight: 400;\">Unidad 23 &#8211; Salta, Salta<\/span><\/span>\u00a0<\/a><br \/><br \/><\/span><\/span><\/li><li style=\"text-align: left;\"><span style=\"text-decoration: underline;\"><span style=\"text-decoration: underline;\"><a href=\"https:\/\/dpf.ppn.gov.ar\/wp-content\/uploads\/2023\/03\/Recomendacion-948-U.25-DPF.pdf\" target=\"_blank\" rel=\"noopener\"><span style=\"font-weight: 400;\"><span style=\"font-weight: 400;\">Unidad 25 &#8211; General Pico, La Pampa<\/span><\/span>\u00a0<\/a><br \/><br \/><\/span><\/span><\/li><li style=\"text-align: left;\"><span style=\"text-decoration: underline;\"><span style=\"text-decoration: underline;\"><a href=\"https:\/\/dpf.ppn.gov.ar\/wp-content\/uploads\/2023\/03\/Recomendacion-946-U.30-DPF.pdf\"><span style=\"font-weight: 400;\"><span style=\"font-weight: 400;\">Unidad 30 &#8211; Santa Rosa, La Pampa<\/span><\/span>\u00a0<\/a><br \/><br \/><\/span><\/span><\/li><li style=\"text-align: left;\"><span style=\"text-decoration: underline;\"><a href=\"https:\/\/dpf.ppn.gov.ar\/wp-content\/uploads\/2023\/03\/Recomendacion-942-U.35-DPF.pdf\" target=\"_blank\" rel=\"noopener\"><span style=\"font-weight: 400;\">Unidad 35 &#8211; San Mart\u00edn, Santiago del Estero<\/span><\/a><\/span><\/li><\/ul>\t\t\t\t\t\t\t\t<\/div>\n\t\t\t\t<\/div>\n\t\t\t\t\t<\/div>\n\t\t<\/div>\n\t\t\t\t<div class=\"elementor-column elementor-col-33 elementor-top-column elementor-element elementor-element-f91a0dd\" data-id=\"f91a0dd\" data-element_type=\"column\" data-e-type=\"column\">\n\t\t\t<div class=\"elementor-widget-wrap\">\n\t\t\t\t\t\t\t<\/div>\n\t\t<\/div>\n\t\t\t\t\t<\/div>\n\t\t<\/section>\n\t\t\t\t<section class=\"elementor-section elementor-top-section elementor-element elementor-element-88c5b85 elementor-section-boxed elementor-section-height-default elementor-section-height-default qodef-elementor-content-no\" data-id=\"88c5b85\" data-element_type=\"section\" data-e-type=\"section\">\n\t\t\t\t\t\t<div class=\"elementor-container elementor-column-gap-default\">\n\t\t\t\t\t<div class=\"elementor-column elementor-col-100 elementor-top-column elementor-element elementor-element-2c12f929\" data-id=\"2c12f929\" data-element_type=\"column\" data-e-type=\"column\">\n\t\t\t<div class=\"elementor-widget-wrap elementor-element-populated\">\n\t\t\t\t\t\t<div class=\"elementor-element elementor-element-727b088 elementor-widget elementor-widget-spacer\" data-id=\"727b088\" data-element_type=\"widget\" data-e-type=\"widget\" data-widget_type=\"spacer.default\">\n\t\t\t\t<div class=\"elementor-widget-container\">\n\t\t\t\t\t\t\t<div class=\"elementor-spacer\">\n\t\t\t<div class=\"elementor-spacer-inner\"><\/div>\n\t\t<\/div>\n\t\t\t\t\t\t<\/div>\n\t\t\t\t<\/div>\n\t\t\t\t\t<\/div>\n\t\t<\/div>\n\t\t\t\t\t<\/div>\n\t\t<\/section>\n\t\t\t\t<\/div>\n\t\t","protected":false},"excerpt":{"rendered":"<p>RECOMENDACIONES En este apartado podr\u00e1n encontrar todas las recomendaciones emitidas en el marco del Diagn\u00f3stico Penitenciario Federal. Por lo general hemos realizado una recomendaci\u00f3n luego de las visitas a cada una de las unidades relevadas.Adem\u00e1s, realizamos una recomendaci\u00f3n general sobre el mantenimiento de las unidades, sugiriendo a la Direcci\u00f3n Nacional del SPF la adopci\u00f3n de [&hellip;]<\/p>\n","protected":false},"author":2,"featured_media":0,"parent":0,"menu_order":0,"comment_status":"closed","ping_status":"closed","template":"","meta":{"footnotes":""},"class_list":["post-1768","page","type-page","status-publish","hentry"],"_links":{"self":[{"href":"https:\/\/dpf.ppn.gov.ar\/index.php\/wp-json\/wp\/v2\/pages\/1768","targetHints":{"allow":["GET"]}}],"collection":[{"href":"https:\/\/dpf.ppn.gov.ar\/index.php\/wp-json\/wp\/v2\/pages"}],"about":[{"href":"https:\/\/dpf.ppn.gov.ar\/index.php\/wp-json\/wp\/v2\/types\/page"}],"author":[{"embeddable":true,"href":"https:\/\/dpf.ppn.gov.ar\/index.php\/wp-json\/wp\/v2\/users\/2"}],"replies":[{"embeddable":true,"href":"https:\/\/dpf.ppn.gov.ar\/index.php\/wp-json\/wp\/v2\/comments?post=1768"}],"version-history":[{"count":62,"href":"https:\/\/dpf.ppn.gov.ar\/index.php\/wp-json\/wp\/v2\/pages\/1768\/revisions"}],"predecessor-version":[{"id":3666,"href":"https:\/\/dpf.ppn.gov.ar\/index.php\/wp-json\/wp\/v2\/pages\/1768\/revisions\/3666"}],"wp:attachment":[{"href":"https:\/\/dpf.ppn.gov.ar\/index.php\/wp-json\/wp\/v2\/media?parent=1768"}],"curies":[{"name":"wp","href":"https:\/\/api.w.org\/{rel}","templated":true}]}}