{"id":2686,"date":"2023-03-27T20:21:40","date_gmt":"2023-03-27T20:21:40","guid":{"rendered":"https:\/\/dpf.ppn.gov.ar\/?page_id=2686"},"modified":"2023-04-10T14:48:42","modified_gmt":"2023-04-10T14:48:42","slug":"metodologia","status":"publish","type":"page","link":"https:\/\/dpf.ppn.gov.ar\/index.php\/metodologia\/","title":{"rendered":"Metodolog\u00eda"},"content":{"rendered":"\t\t<div data-elementor-type=\"wp-page\" data-elementor-id=\"2686\" class=\"elementor elementor-2686\">\n\t\t\t\t\t\t<section class=\"elementor-section elementor-top-section elementor-element elementor-element-14713c80 elementor-section-boxed elementor-section-height-default elementor-section-height-default qodef-elementor-content-no\" data-id=\"14713c80\" data-element_type=\"section\" data-e-type=\"section\">\n\t\t\t\t\t\t<div class=\"elementor-container elementor-column-gap-default\">\n\t\t\t\t\t<div class=\"elementor-column elementor-col-100 elementor-top-column elementor-element elementor-element-4eed42c9\" data-id=\"4eed42c9\" data-element_type=\"column\" data-e-type=\"column\">\n\t\t\t<div class=\"elementor-widget-wrap elementor-element-populated\">\n\t\t\t\t\t\t<div class=\"elementor-element elementor-element-228a54b5 elementor-widget elementor-widget-text-editor\" data-id=\"228a54b5\" data-element_type=\"widget\" data-e-type=\"widget\" data-widget_type=\"text-editor.default\">\n\t\t\t\t<div class=\"elementor-widget-container\">\n\t\t\t\t\t\t\t\t\t<h4><span style=\"color: #193952;\"><strong>Metodolog\u00eda<\/strong><\/span><\/h4>\t\t\t\t\t\t\t\t<\/div>\n\t\t\t\t<\/div>\n\t\t\t\t\t<\/div>\n\t\t<\/div>\n\t\t\t\t\t<\/div>\n\t\t<\/section>\n\t\t\t\t<section class=\"elementor-section elementor-top-section elementor-element elementor-element-5ff64d82 elementor-section-boxed elementor-section-height-default elementor-section-height-default qodef-elementor-content-no\" data-id=\"5ff64d82\" data-element_type=\"section\" data-e-type=\"section\">\n\t\t\t\t\t\t<div class=\"elementor-container elementor-column-gap-default\">\n\t\t\t\t\t<div class=\"elementor-column elementor-col-100 elementor-top-column elementor-element elementor-element-768d22eb\" data-id=\"768d22eb\" data-element_type=\"column\" data-e-type=\"column\">\n\t\t\t<div class=\"elementor-widget-wrap elementor-element-populated\">\n\t\t\t\t\t\t<div class=\"elementor-element elementor-element-1158b840 elementor-widget elementor-widget-text-editor\" data-id=\"1158b840\" data-element_type=\"widget\" data-e-type=\"widget\" data-widget_type=\"text-editor.default\">\n\t\t\t\t<div class=\"elementor-widget-container\">\n\t\t\t\t\t\t\t\t\t<p><span style=\"font-weight: 400;\">Aqu\u00ed presentamos los documentos metodol\u00f3gicos que utilizamos para el relevamiento del Diagn\u00f3stico Penitenciario Federal. Compartimos una presentaci\u00f3n general y accesible sobre la<\/span><span style=\"text-decoration: underline;\"><strong><a href=\"https:\/\/dpf.ppn.gov.ar\/wp-content\/uploads\/2023\/03\/Metodologia-DPF.pdf\" target=\"_blank\" rel=\"noopener\"> metodolog\u00eda implementada<\/a><\/strong><\/span><span style=\"font-weight: 400;\"><span style=\"text-decoration: underline;\"><strong>.<\/strong><\/span> Este documento fue utilizado para capacitar a los equipos de trabajo que participaron del relevamiento.\u00a0<\/span><\/p><p><strong><span style=\"text-decoration: underline;\"><a href=\"https:\/\/dpf.ppn.gov.ar\/wp-content\/uploads\/2023\/03\/Protocolo-de-actuacion-para-el-campo-del-DPF.pdf\" target=\"_blank\" rel=\"noopener\">Aqu\u00ed<\/a><\/span><\/strong><span style=\"font-weight: 400;\"> podr\u00e1n acceder al Protocolo de actuaci\u00f3n para el relevamiento que contiene informaci\u00f3n para preparar el trabajo de campo, la definici\u00f3n de la muestra en cada una de las unidades, la organizaci\u00f3n del equipo de relevamiento, y las din\u00e1micas posteriores a las visitas a las unidades.<\/span><\/p><p><span style=\"font-weight: 400;\">Adem\u00e1s, dejamos a disposici\u00f3n los diferentes instrumentos de relevamiento:<\/span><\/p><ul><li style=\"font-weight: 400;\" aria-level=\"1\"><strong><span style=\"text-decoration: underline;\"><a href=\"https:\/\/dpf.ppn.gov.ar\/wp-content\/uploads\/2023\/03\/Instrumento-PABELLONES-CELULARES.pdf\" target=\"_blank\" rel=\"noopener\">Instrumento pabellones celulares-celdas individuales o m\u00faltiples <\/a><\/span><\/strong><span style=\"font-weight: 400;\">+ <\/span><span style=\"text-decoration: underline;\"><strong><a href=\"https:\/\/dpf.ppn.gov.ar\/wp-content\/uploads\/2023\/03\/Instrumento-Anexo-FICHA-TECNICA-SEGURIDAD-Y-MANTENIMIENTO-PAB-CELULARES.pdf\" target=\"_blank\" rel=\"noopener\">Anexo ficha t\u00e9cnica<\/a><\/strong><\/span><span style=\"font-weight: 400;\">\u00a0<\/span><\/li><li style=\"font-weight: 400;\" aria-level=\"1\"><span style=\"text-decoration: underline;\"><strong><a href=\"https:\/\/dpf.ppn.gov.ar\/wp-content\/uploads\/2023\/03\/Instrumentos-PABELLONES-COLECTIVOS.pdf\" target=\"_blank\" rel=\"noopener\">Instrumento pabellones colectivos zona dormitorio <\/a><\/strong><\/span><span style=\"font-weight: 400;\">+ <\/span><strong><span style=\"text-decoration: underline;\"><a href=\"https:\/\/dpf.ppn.gov.ar\/wp-content\/uploads\/2023\/03\/Instrumento-Anexo-FICHA-TECNICA-SEGURIDAD-Y-MANTENIMIENTO-PAB.-COLECTIVOS.pdf\" target=\"_blank\" rel=\"noopener\">Anexo ficha t\u00e9cnica\u00a0<\/a><\/span><\/strong><\/li><li style=\"font-weight: 400;\" aria-level=\"1\"><span style=\"text-decoration: underline;\"><strong><a href=\"https:\/\/dpf.ppn.gov.ar\/wp-content\/uploads\/2023\/03\/Instrumento-SECTORES-COMUNES-PABELLONES-CELULARES-Y-COLECTIVOS.pdf\" target=\"_blank\" rel=\"noopener\">Instrumento sector de uso com\u00fan pabellones colectivos y celulares <\/a><\/strong><\/span><\/li><li style=\"font-weight: 400;\" aria-level=\"1\"><span style=\"text-decoration: underline;\"><strong><a href=\"https:\/\/dpf.ppn.gov.ar\/wp-content\/uploads\/2023\/03\/Instrumento-ANEXO-PLANTA-MADRES.pdf\" target=\"_blank\" rel=\"noopener\">Instrumento Anexo planta de madres\u00a0<\/a><\/strong><\/span><\/li><li style=\"font-weight: 400;\" aria-level=\"1\"><span style=\"text-decoration: underline;\"><strong><a href=\"https:\/\/dpf.ppn.gov.ar\/wp-content\/uploads\/2023\/03\/Instrumento-de-relevamiento-de-SECTORES-PARA-TRABAJO.pdf\" target=\"_blank\" rel=\"noopener\">Instrumento sectores para trabajo\u00a0<\/a><\/strong><\/span><\/li><li style=\"font-weight: 400;\" aria-level=\"1\"><span style=\"text-decoration: underline;\"><strong><a href=\"https:\/\/dpf.ppn.gov.ar\/wp-content\/uploads\/2023\/03\/Instrumento-SECTOR-DE-EDUCACION.pdf\" target=\"_blank\" rel=\"noopener\">Instrumento sectores de educaci\u00f3n\u00a0<\/a><\/strong><\/span><\/li><li style=\"font-weight: 400;\" aria-level=\"1\"><span style=\"text-decoration: underline;\"><strong><a href=\"https:\/\/dpf.ppn.gov.ar\/wp-content\/uploads\/2023\/03\/Instrumento-SECTORES-DE-RECREACION.pdf\" target=\"_blank\" rel=\"noopener\">Instrumento sectores para recreaci\u00f3n\u00a0<\/a><\/strong><\/span><\/li><li style=\"font-weight: 400;\" aria-level=\"1\"><strong><span style=\"text-decoration: underline;\"><a href=\"https:\/\/dpf.ppn.gov.ar\/wp-content\/uploads\/2023\/03\/Instrumentos-SECTORES-PARA-ATENCION-DE-SALUD.pdf\" target=\"_blank\" rel=\"noopener\">Instrumento sectores de atenci\u00f3n a la salud\u00a0<\/a><\/span><\/strong><\/li><li style=\"font-weight: 400;\" aria-level=\"1\"><span style=\"text-decoration: underline;\"><strong><a href=\"https:\/\/dpf.ppn.gov.ar\/wp-content\/uploads\/2023\/03\/Instrumento-SECTORES-VISITAS.pdf\" target=\"_blank\" rel=\"noopener\">Instrumento sectores para visitantes\u00a0<\/a><\/strong><\/span><\/li><li style=\"font-weight: 400;\" aria-level=\"1\"><span style=\"text-decoration: underline;\"><strong><a href=\"https:\/\/dpf.ppn.gov.ar\/wp-content\/uploads\/2023\/03\/Instrumento-SEGURIDAD-HIGIENE-Y-MANTENIMIENTO.pdf\" target=\"_blank\" rel=\"noopener\">Anexo seguridad, mantenimiento e higiene sectores\u00a0<\/a><\/strong><\/span><\/li><\/ul><p><span style=\"font-weight: 400;\">Cabe se\u00f1alar que hemos tomado en consideraci\u00f3n adem\u00e1s para el DPF, la informaci\u00f3n oficial de poblaci\u00f3n del SPF y los datos de capacidad establecidos por el Ministerio de Justicia y Derechos Humanos de la Naci\u00f3n a partir de la Resoluci\u00f3n Ministerial 2012-517. <\/span><\/p>\t\t\t\t\t\t\t\t<\/div>\n\t\t\t\t<\/div>\n\t\t\t\t\t<\/div>\n\t\t<\/div>\n\t\t\t\t\t<\/div>\n\t\t<\/section>\n\t\t\t\t<section class=\"elementor-section elementor-top-section elementor-element elementor-element-8002cb elementor-section-boxed elementor-section-height-default elementor-section-height-default qodef-elementor-content-no\" data-id=\"8002cb\" data-element_type=\"section\" data-e-type=\"section\">\n\t\t\t\t\t\t<div class=\"elementor-container elementor-column-gap-default\">\n\t\t\t\t\t<div class=\"elementor-column elementor-col-100 elementor-top-column elementor-element elementor-element-73f6203e\" data-id=\"73f6203e\" data-element_type=\"column\" data-e-type=\"column\">\n\t\t\t<div class=\"elementor-widget-wrap elementor-element-populated\">\n\t\t\t\t\t\t<div class=\"elementor-element elementor-element-36a175a elementor-widget elementor-widget-spacer\" data-id=\"36a175a\" data-element_type=\"widget\" data-e-type=\"widget\" data-widget_type=\"spacer.default\">\n\t\t\t\t<div class=\"elementor-widget-container\">\n\t\t\t\t\t\t\t<div class=\"elementor-spacer\">\n\t\t\t<div class=\"elementor-spacer-inner\"><\/div>\n\t\t<\/div>\n\t\t\t\t\t\t<\/div>\n\t\t\t\t<\/div>\n\t\t\t\t\t<\/div>\n\t\t<\/div>\n\t\t\t\t\t<\/div>\n\t\t<\/section>\n\t\t\t\t<\/div>\n\t\t","protected":false},"excerpt":{"rendered":"<p>Metodolog\u00eda Aqu\u00ed presentamos los documentos metodol\u00f3gicos que utilizamos para el relevamiento del Diagn\u00f3stico Penitenciario Federal. Compartimos una presentaci\u00f3n general y accesible sobre la metodolog\u00eda implementada. Este documento fue utilizado para capacitar a los equipos de trabajo que participaron del relevamiento. Aqu\u00ed podr\u00e1n acceder al Protocolo de actuaci\u00f3n para el relevamiento que contiene informaci\u00f3n para preparar [&hellip;]<\/p>\n","protected":false},"author":2,"featured_media":0,"parent":0,"menu_order":0,"comment_status":"closed","ping_status":"closed","template":"","meta":{"footnotes":""},"class_list":["post-2686","page","type-page","status-publish","hentry"],"_links":{"self":[{"href":"https:\/\/dpf.ppn.gov.ar\/index.php\/wp-json\/wp\/v2\/pages\/2686","targetHints":{"allow":["GET"]}}],"collection":[{"href":"https:\/\/dpf.ppn.gov.ar\/index.php\/wp-json\/wp\/v2\/pages"}],"about":[{"href":"https:\/\/dpf.ppn.gov.ar\/index.php\/wp-json\/wp\/v2\/types\/page"}],"author":[{"embeddable":true,"href":"https:\/\/dpf.ppn.gov.ar\/index.php\/wp-json\/wp\/v2\/users\/2"}],"replies":[{"embeddable":true,"href":"https:\/\/dpf.ppn.gov.ar\/index.php\/wp-json\/wp\/v2\/comments?post=2686"}],"version-history":[{"count":14,"href":"https:\/\/dpf.ppn.gov.ar\/index.php\/wp-json\/wp\/v2\/pages\/2686\/revisions"}],"predecessor-version":[{"id":3384,"href":"https:\/\/dpf.ppn.gov.ar\/index.php\/wp-json\/wp\/v2\/pages\/2686\/revisions\/3384"}],"wp:attachment":[{"href":"https:\/\/dpf.ppn.gov.ar\/index.php\/wp-json\/wp\/v2\/media?parent=2686"}],"curies":[{"name":"wp","href":"https:\/\/api.w.org\/{rel}","templated":true}]}}