{"id":3400,"date":"2023-07-19T07:54:43","date_gmt":"2023-07-19T07:54:43","guid":{"rendered":"https:\/\/dpf.ppn.gov.ar\/?page_id=3400"},"modified":"2024-03-11T18:35:58","modified_gmt":"2024-03-11T18:35:58","slug":"verificacion-de-cupo","status":"publish","type":"page","link":"https:\/\/dpf.ppn.gov.ar\/index.php\/verificacion-de-cupo\/","title":{"rendered":"Verificaci\u00f3n de cupo"},"content":{"rendered":"\t\t<div data-elementor-type=\"wp-page\" data-elementor-id=\"3400\" class=\"elementor elementor-3400\">\n\t\t\t\t\t\t<section class=\"elementor-section elementor-top-section elementor-element elementor-element-5529ffe elementor-section-boxed elementor-section-height-default elementor-section-height-default qodef-elementor-content-no\" data-id=\"5529ffe\" data-element_type=\"section\" data-e-type=\"section\">\n\t\t\t\t\t\t<div class=\"elementor-container elementor-column-gap-default\">\n\t\t\t\t\t<div class=\"elementor-column elementor-col-100 elementor-top-column elementor-element elementor-element-5a2e756\" data-id=\"5a2e756\" data-element_type=\"column\" data-e-type=\"column\">\n\t\t\t<div class=\"elementor-widget-wrap elementor-element-populated\">\n\t\t\t\t\t\t<div class=\"elementor-element elementor-element-9d72072 elementor-widget elementor-widget-text-editor\" data-id=\"9d72072\" data-element_type=\"widget\" data-e-type=\"widget\" data-widget_type=\"text-editor.default\">\n\t\t\t\t<div class=\"elementor-widget-container\">\n\t\t\t\t\t\t\t\t\t<h4><span style=\"color: #193952;\"><strong>VERIFICACI\u00d3N DE CUPO<\/strong><\/span><\/h4>\t\t\t\t\t\t\t\t<\/div>\n\t\t\t\t<\/div>\n\t\t\t\t\t<\/div>\n\t\t<\/div>\n\t\t\t\t\t<\/div>\n\t\t<\/section>\n\t\t\t\t<section class=\"elementor-section elementor-top-section elementor-element elementor-element-e3c335e elementor-section-boxed elementor-section-height-default elementor-section-height-default qodef-elementor-content-no\" data-id=\"e3c335e\" data-element_type=\"section\" data-e-type=\"section\">\n\t\t\t\t\t\t<div class=\"elementor-container elementor-column-gap-default\">\n\t\t\t\t\t<div class=\"elementor-column elementor-col-33 elementor-top-column elementor-element elementor-element-ef340d0\" data-id=\"ef340d0\" data-element_type=\"column\" data-e-type=\"column\">\n\t\t\t<div class=\"elementor-widget-wrap\">\n\t\t\t\t\t\t\t<\/div>\n\t\t<\/div>\n\t\t\t\t<div class=\"elementor-column elementor-col-33 elementor-top-column elementor-element elementor-element-a249635\" data-id=\"a249635\" data-element_type=\"column\" data-e-type=\"column\">\n\t\t\t<div class=\"elementor-widget-wrap elementor-element-populated\">\n\t\t\t\t\t\t<div class=\"elementor-element elementor-element-6018ea5 elementor-widget elementor-widget-text-editor\" data-id=\"6018ea5\" data-element_type=\"widget\" data-e-type=\"widget\" data-widget_type=\"text-editor.default\">\n\t\t\t\t<div class=\"elementor-widget-container\">\n\t\t\t\t\t\t\t\t\t<p style=\"font-weight: 400;\">Este espacio web tiene el objetivo de brindar informaci\u00f3n actualizada en tiempo real sobre los pabellones de todas las c\u00e1rceles federales: tipo de alojamiento (colectivo o celular), capacidad instalada en cada uno y\u00a0verificaci\u00f3n del cupo establecido por la Resoluci\u00f3n Ministerial 2021-517, as\u00ed como de contrastar los datos con los est\u00e1ndares de la PPN de 2019.<\/p><p style=\"font-weight: 400;\">En el marco del DPF, durante 2021-2022 se relevaron un total de 155 pabellones de 25 c\u00e1rceles federales (aproximadamente un 20% de los pabellones). Como continuidad de ese trabajo, se prev\u00e9 relevar en los a\u00f1os 2023-2024 el resto de los pabellones de las distintas c\u00e1rceles.<\/p>\t\t\t\t\t\t\t\t<\/div>\n\t\t\t\t<\/div>\n\t\t\t\t<div class=\"elementor-element elementor-element-243387c elementor-widget elementor-widget-text-editor\" data-id=\"243387c\" data-element_type=\"widget\" data-e-type=\"widget\" data-widget_type=\"text-editor.default\">\n\t\t\t\t<div class=\"elementor-widget-container\">\n\t\t\t\t\t\t\t\t\t<ul><li style=\"list-style-type: none;\"><ul><li style=\"text-align: left;\"><span style=\"text-decoration: underline;\"><span style=\"text-decoration: underline;\"><span style=\"text-decoration: underline;\"><span style=\"text-decoration: underline;\"><a href=\"https:\/\/dpf.ppn.gov.ar\/index.php\/verificacion-de-cupo\/complejo-penitenciario-federal-i-ezeiza\/\"><span style=\"font-weight: 400;\"><span style=\"font-weight: 400;\">Complejo Penitenciario Federal I &#8211; Ezeiza, Buenos Aires<\/span><\/span><\/a><\/span><\/span><\/span><\/span><\/li><\/ul><\/li><\/ul><p>\u00a0<\/p><ul><li style=\"list-style-type: none;\"><ul><li style=\"text-align: left;\"><span style=\"text-decoration: underline;\"><span style=\"text-decoration: underline;\"><span style=\"text-decoration: underline;\"><span style=\"text-decoration: underline;\"><a href=\"https:\/\/dpf.ppn.gov.ar\/index.php\/verificacion-de-cupo\/complejo-penitenciario-federal-ii-marcos-paz-buenos-aires\/\"><span style=\"font-weight: 400;\"><span style=\"font-weight: 400;\">Complejo Penitenciario Federal II &#8211; Marcos Paz, Buenos Aires<\/span><\/span><\/a><\/span><\/span><\/span><\/span><\/li><\/ul><\/li><\/ul><p>\u00a0<\/p><ul><li style=\"list-style-type: none;\"><ul><li style=\"text-align: left;\"><span style=\"font-weight: 400;\"><span style=\"font-weight: 400;\"><span style=\"font-weight: 400;\"><span style=\"font-weight: 400;\"><span style=\"font-weight: 400;\"><span style=\"text-decoration: underline;\"><a href=\"https:\/\/dpf.ppn.gov.ar\/index.php\/verificacion-de-cupo\/complejo-penitenciario-federal-iii-general-guemes-salta\/\">Complejo Penitenciario Federal III &#8211; General G\u00fcemes, Salta<\/a><\/span><\/span><\/span><\/span><\/span><\/span><\/li><\/ul><\/li><\/ul><p>\u00a0<\/p><ul><li style=\"list-style-type: none;\"><ul><li style=\"text-align: left;\"><span style=\"text-decoration: underline;\"><span style=\"text-decoration: underline;\"><span style=\"text-decoration: underline;\"><span style=\"text-decoration: underline;\"><a href=\"https:\/\/dpf.ppn.gov.ar\/index.php\/verificacion-de-cupo\/complejo-penitenciario-federal-iv-ezeiza-buenos-aires\/\"><span style=\"font-weight: 400;\"><span style=\"font-weight: 400;\">Complejo Penitenciario Federal IV &#8211; Ezeiza, Buenos Aires<\/span><\/span><\/a><\/span><\/span><\/span><\/span><\/li><\/ul><\/li><\/ul><p>\u00a0<\/p><ul><li style=\"list-style-type: none;\"><ul><li style=\"text-align: left;\"><span style=\"text-decoration: underline;\"><span style=\"text-decoration: underline;\"><span style=\"text-decoration: underline;\"><span style=\"text-decoration: underline;\"><a href=\"https:\/\/dpf.ppn.gov.ar\/index.php\/verificacion-de-cupo\/complejo-penitenciario-federal-v-senillosa-neuquen\/\"><span style=\"font-weight: 400;\"><span style=\"font-weight: 400;\">Complejo Penitenciario Federal V &#8211; Senillosa, Neuqu\u00e9n<\/span><\/span><\/a><\/span><\/span><\/span><\/span><\/li><\/ul><\/li><\/ul><p>\u00a0<\/p><ul><li style=\"list-style-type: none;\"><ul><li style=\"text-align: left;\"><span style=\"text-decoration: underline;\"><span style=\"text-decoration: underline;\"><span style=\"text-decoration: underline;\"><span style=\"text-decoration: underline;\"><a href=\"https:\/\/dpf.ppn.gov.ar\/index.php\/verificacion-de-cupo\/complejo-penitenciario-federal-vi-lujan-de-cuyo-mendoza\/\"><span style=\"font-weight: 400;\"><span style=\"font-weight: 400;\">Complejo Penitenciario Federal VI &#8211; Luj\u00e1n de Cuyo, Mendoza<\/span><\/span><\/a><\/span><\/span><\/span><\/span><\/li><\/ul><\/li><\/ul><p>\u00a0<\/p><ul><li style=\"list-style-type: none;\"><ul><li><span style=\"text-decoration: underline;\"><a href=\"https:\/\/dpf.ppn.gov.ar\/index.php\/verificacion-de-cupo\/complejo-penitenciario-federal-vii-ezeiza-buenos-aires\/\">Complejo Penitenciario Federal VII &#8211; Ezeiza, Buenos Aires<\/a><\/span><\/li><\/ul><\/li><\/ul><p>\u00a0<\/p><ul><li style=\"list-style-type: none;\"><ul><li style=\"text-align: left;\"><span style=\"font-weight: 400;\"><span style=\"font-weight: 400;\"><span style=\"font-weight: 400;\"><span style=\"font-weight: 400;\"><span style=\"font-weight: 400;\"><a href=\"https:\/\/dpf.ppn.gov.ar\/index.php\/verificacion-de-cupo\/complejo-penitenciario-federal-de-la-ciudad-autonoma-de-buenos-aires-caba\/\"><span style=\"text-decoration: underline;\">Complejo Penitenciario Federal de la Ciudad Aut\u00f3noma de Buenos Aires &#8211; CABA<\/span><\/a><\/span><\/span><\/span><\/span><\/span><\/li><\/ul><\/li><\/ul><p>\u00a0<\/p><ul><li style=\"list-style-type: none;\"><ul><li style=\"text-align: left;\"><span style=\"font-weight: 400;\"><span style=\"font-weight: 400;\"><span style=\"font-weight: 400;\"><span style=\"font-weight: 400;\"><span style=\"font-weight: 400;\"><span style=\"text-decoration: underline;\"><a href=\"https:\/\/dpf.ppn.gov.ar\/index.php\/verificacion-de-cupo\/complejo-federal-de-jovenes-adultos-marcos-paz-buenos-aires\/\">Complejo Federal de J\u00f3venes Adultos &#8211; Marcos Paz, Buenos Aires\u00a0<\/a><\/span><\/span><\/span><\/span><\/span><\/span><\/li><\/ul><\/li><\/ul><p>\u00a0<\/p><ul><li style=\"list-style-type: none;\"><ul><li style=\"text-align: left;\"><span style=\"font-weight: 400;\"><span style=\"font-weight: 400;\"><span style=\"font-weight: 400;\"><span style=\"font-weight: 400;\"><span style=\"font-weight: 400;\"><span style=\"text-decoration: underline;\"><a href=\"https:\/\/dpf.ppn.gov.ar\/index.php\/verificacion-de-cupo\/unidad-4-santa-rosa-la-pampa\/\">Unidad 4 &#8211; Santa Rosa, La Pampa<\/a><\/span><\/span><\/span><\/span><\/span><\/span><\/li><\/ul><\/li><\/ul><p>\u00a0<\/p><ul><li style=\"list-style-type: none;\"><ul><li style=\"text-align: left;\"><a href=\"https:\/\/dpf.ppn.gov.ar\/index.php\/verificacion-de-cupo\/unidad-5-general-roca-rio-negro\/\"><span style=\"font-weight: 400;\"><span style=\"font-weight: 400;\"><span style=\"font-weight: 400;\"><span style=\"text-decoration: underline;\">Unidad 5 &#8211; General Roca, R\u00edo Negro<\/span><\/span><\/span><\/span><\/a><\/li><\/ul><\/li><\/ul><p>\u00a0<\/p><ul><li style=\"list-style-type: none;\"><ul><li style=\"text-align: left;\"><a href=\"https:\/\/dpf.ppn.gov.ar\/index.php\/verificacion-de-cupo\/unidad-6-rawson-chubut\/\"><span style=\"text-decoration: underline;\"><span style=\"font-weight: 400;\"><span style=\"font-weight: 400;\">Unidad 6 &#8211; Rawson, Chubut<\/span><\/span><\/span><\/a><\/li><\/ul><\/li><\/ul><p>\u00a0<\/p><ul><li style=\"list-style-type: none;\"><ul><li style=\"text-align: left;\"><a href=\"https:\/\/dpf.ppn.gov.ar\/index.php\/verificacion-de-cupo\/unidad-7-resistencia-chaco\/\"><span style=\"font-weight: 400;\"><span style=\"font-weight: 400;\"><span style=\"font-weight: 400;\"><span style=\"text-decoration: underline;\">Unidad 7 &#8211; Resistencia, Chaco<\/span><\/span><\/span><\/span><\/a><\/li><\/ul><\/li><\/ul><p>\u00a0<\/p><ul><li style=\"list-style-type: none;\"><ul><li style=\"text-align: left;\"><a href=\"https:\/\/dpf.ppn.gov.ar\/index.php\/verificacion-de-cupo\/unidad-8-san-salvador-de-jujuy-jujuy\/\"><span style=\"font-weight: 400;\"><span style=\"font-weight: 400;\"><span style=\"font-weight: 400;\"><span style=\"text-decoration: underline;\">Unidad 8 &#8211; San Salvador de Jujuy, Jujuy<\/span><\/span><\/span><\/span><\/a><\/li><\/ul><\/li><\/ul><p>\u00a0<\/p><ul><li style=\"list-style-type: none;\"><ul><li><a href=\"https:\/\/dpf.ppn.gov.ar\/index.php\/verificacion-de-cupo\/unidad-10-formosa\/\"><span style=\"text-decoration: underline;\">Unidad 10 &#8211; Formosa<\/span><\/a><\/li><\/ul><\/li><\/ul><p>\u00a0<\/p><ul><li style=\"list-style-type: none;\"><ul><li style=\"text-align: left;\"><a href=\"https:\/\/dpf.ppn.gov.ar\/index.php\/verificacion-de-cupo\/unidad-11-roque-saenz-pena-chaco\/\"><span style=\"text-decoration: underline;\"><span style=\"font-weight: 400;\"><span style=\"font-weight: 400;\">Unidad 11 &#8211; Roque Saenz Pe\u00f1a, Chaco<\/span><\/span><\/span><\/a><\/li><\/ul><\/li><\/ul><p>\u00a0<\/p><ul><li style=\"list-style-type: none;\"><ul><li style=\"text-align: left;\"><a href=\"https:\/\/dpf.ppn.gov.ar\/index.php\/verificacion-de-cupo\/unidad-12-viedma-rio-negro\/\"><span style=\"font-weight: 400;\"><span style=\"font-weight: 400;\"><span style=\"font-weight: 400;\"><span style=\"text-decoration: underline;\">Unidad 12 &#8211; Viedma, R\u00edo Negro<\/span><\/span><\/span><\/span><\/a><\/li><\/ul><\/li><\/ul><p>\u00a0<\/p><ul><li style=\"list-style-type: none;\"><ul><li style=\"text-align: left;\"><a href=\"https:\/\/dpf.ppn.gov.ar\/index.php\/verificacion-de-cupo\/unidad-13-la-pampa-santa-rosa\/\"><span style=\"font-weight: 400;\"><span style=\"font-weight: 400;\"><span style=\"font-weight: 400;\"><span style=\"text-decoration: underline;\">Unidad 13 &#8211; La Pampa, Santa Rosa<\/span><\/span><\/span><\/span><\/a><\/li><\/ul><\/li><\/ul><p>\u00a0<\/p><ul><li style=\"list-style-type: none;\"><ul><li><span style=\"text-decoration: underline;\"><span style=\"text-decoration: underline;\"><span style=\"text-decoration: underline;\"><span style=\"text-decoration: underline;\"><a href=\"https:\/\/dpf.ppn.gov.ar\/index.php\/verificacion-de-cupo\/unidad-14-esquel-chubut\/\">Unidad 14 &#8211; Esquel, Chubut<\/a><\/span><\/span><\/span><\/span><\/li><\/ul><\/li><\/ul><p>\u00a0<\/p><ul><li style=\"list-style-type: none;\"><ul><li><a href=\"https:\/\/dpf.ppn.gov.ar\/index.php\/verificacion-de-cupo\/unidad-15-rio-gallegos-santa-cruz\/\"><span style=\"text-decoration: underline;\">Unidad 15 &#8211; R\u00edo Gallegos, Santa Cruz<\/span><\/a><\/li><\/ul><\/li><\/ul><p>\u00a0<\/p><ul><li style=\"list-style-type: none;\"><ul><li style=\"text-align: left;\"><a href=\"https:\/\/dpf.ppn.gov.ar\/index.php\/verificacion-de-cupo\/unidad-16-cerrillos-salta\/\"><span style=\"text-decoration: underline;\"><span style=\"text-decoration: underline;\"><span style=\"font-weight: 400;\"><span style=\"font-weight: 400;\">Unidad 16 &#8211; Cerrillos, Salta<\/span><\/span><\/span><\/span><\/a><\/li><\/ul><\/li><\/ul><p>\u00a0<\/p><ul><li style=\"list-style-type: none;\"><ul><li style=\"text-align: left;\"><a href=\"https:\/\/dpf.ppn.gov.ar\/index.php\/verificacion-de-cupo\/unidad-17-candelaria-misiones\/\"><span style=\"text-decoration: underline;\"><span style=\"text-decoration: underline;\"><span style=\"font-weight: 400;\"><span style=\"font-weight: 400;\">Unidad 17 &#8211; Candelaria, Misiones<\/span><\/span><\/span><\/span><\/a><\/li><\/ul><\/li><\/ul><p>\u00a0<\/p><ul><li style=\"list-style-type: none;\"><ul><li style=\"text-align: left;\"><a href=\"https:\/\/dpf.ppn.gov.ar\/index.php\/verificacion-de-cupo\/unidad-19-ezeiza-buenos-aires\/\"><span style=\"text-decoration: underline;\"><span style=\"text-decoration: underline;\"><span style=\"font-weight: 400;\"><span style=\"font-weight: 400;\">Unidad 19 &#8211; Ezeiza, Buenos Aires<\/span><\/span><\/span><\/span><\/a><\/li><\/ul><\/li><\/ul><p>\u00a0<\/p><ul><li style=\"list-style-type: none;\"><ul><li style=\"text-align: left;\"><a href=\"https:\/\/dpf.ppn.gov.ar\/index.php\/verificacion-de-cupo\/unidad-22-san-salvador-de-jujuy-jujuy\/\"><span style=\"text-decoration: underline;\"><span style=\"text-decoration: underline;\"><span style=\"font-weight: 400;\"><span style=\"font-weight: 400;\">Unidad 22 &#8211; San Salvador de Jujuy, Jujuy<\/span><\/span><\/span><\/span><\/a><\/li><\/ul><\/li><\/ul><p>\u00a0<\/p><ul><li style=\"list-style-type: none;\"><ul><li style=\"text-align: left;\"><a href=\"https:\/\/dpf.ppn.gov.ar\/index.php\/verificacion-de-cupo\/unidad-25-general-pico-la-pampa\/\"><span style=\"text-decoration: underline;\"><span style=\"text-decoration: underline;\"><span style=\"font-weight: 400;\"><span style=\"font-weight: 400;\">Unidad 25 &#8211; General Pico, La Pampa<\/span><\/span><\/span><\/span><\/a><\/li><\/ul><\/li><\/ul><p>\u00a0<\/p><ul><li style=\"list-style-type: none;\"><ul><li style=\"text-align: left;\"><a href=\"https:\/\/dpf.ppn.gov.ar\/index.php\/verificacion-de-cupo\/unidad-30-santa-rosa-la-pampa\/\"><span style=\"text-decoration: underline;\"><span style=\"text-decoration: underline;\"><span style=\"font-weight: 400;\"><span style=\"font-weight: 400;\">Unidad 30 &#8211; Santa Rosa, La Pampa\u00a0<\/span><\/span><\/span><\/span><\/a><\/li><\/ul><\/li><\/ul><p>\u00a0<\/p><ul><li style=\"text-align: left;\"><a href=\"https:\/\/dpf.ppn.gov.ar\/index.php\/verificacion-de-cupo\/unidad-35-san-martin-santiago-del-estero\/\"><span style=\"text-decoration: underline;\"><span style=\"font-weight: 400;\">Unidad 35 &#8211; Colonia Pinto, Santiago del Estero<\/span><\/span><\/a><\/li><\/ul>\t\t\t\t\t\t\t\t<\/div>\n\t\t\t\t<\/div>\n\t\t\t\t\t<\/div>\n\t\t<\/div>\n\t\t\t\t<div class=\"elementor-column elementor-col-33 elementor-top-column elementor-element elementor-element-18e490b\" data-id=\"18e490b\" data-element_type=\"column\" data-e-type=\"column\">\n\t\t\t<div class=\"elementor-widget-wrap\">\n\t\t\t\t\t\t\t<\/div>\n\t\t<\/div>\n\t\t\t\t\t<\/div>\n\t\t<\/section>\n\t\t\t\t<section class=\"elementor-section elementor-top-section elementor-element elementor-element-a22ca8f elementor-section-boxed elementor-section-height-default elementor-section-height-default qodef-elementor-content-no\" data-id=\"a22ca8f\" data-element_type=\"section\" data-e-type=\"section\">\n\t\t\t\t\t\t<div class=\"elementor-container elementor-column-gap-default\">\n\t\t\t\t\t<div class=\"elementor-column elementor-col-100 elementor-top-column elementor-element elementor-element-baae47b\" data-id=\"baae47b\" data-element_type=\"column\" data-e-type=\"column\">\n\t\t\t<div class=\"elementor-widget-wrap elementor-element-populated\">\n\t\t\t\t\t\t<div class=\"elementor-element elementor-element-a67f6b7 elementor-widget elementor-widget-spacer\" data-id=\"a67f6b7\" data-element_type=\"widget\" data-e-type=\"widget\" data-widget_type=\"spacer.default\">\n\t\t\t\t<div class=\"elementor-widget-container\">\n\t\t\t\t\t\t\t<div class=\"elementor-spacer\">\n\t\t\t<div class=\"elementor-spacer-inner\"><\/div>\n\t\t<\/div>\n\t\t\t\t\t\t<\/div>\n\t\t\t\t<\/div>\n\t\t\t\t\t<\/div>\n\t\t<\/div>\n\t\t\t\t\t<\/div>\n\t\t<\/section>\n\t\t\t\t<\/div>\n\t\t","protected":false},"excerpt":{"rendered":"<p>VERIFICACI\u00d3N DE CUPO Este espacio web tiene el objetivo de brindar informaci\u00f3n actualizada en tiempo real sobre los pabellones de todas las c\u00e1rceles federales: tipo de alojamiento (colectivo o celular), capacidad instalada en cada uno y\u00a0verificaci\u00f3n del cupo establecido por la Resoluci\u00f3n Ministerial 2021-517, as\u00ed como de contrastar los datos con los est\u00e1ndares de la [&hellip;]<\/p>\n","protected":false},"author":2,"featured_media":0,"parent":0,"menu_order":0,"comment_status":"closed","ping_status":"closed","template":"","meta":{"footnotes":""},"class_list":["post-3400","page","type-page","status-publish","hentry"],"_links":{"self":[{"href":"https:\/\/dpf.ppn.gov.ar\/index.php\/wp-json\/wp\/v2\/pages\/3400","targetHints":{"allow":["GET"]}}],"collection":[{"href":"https:\/\/dpf.ppn.gov.ar\/index.php\/wp-json\/wp\/v2\/pages"}],"about":[{"href":"https:\/\/dpf.ppn.gov.ar\/index.php\/wp-json\/wp\/v2\/types\/page"}],"author":[{"embeddable":true,"href":"https:\/\/dpf.ppn.gov.ar\/index.php\/wp-json\/wp\/v2\/users\/2"}],"replies":[{"embeddable":true,"href":"https:\/\/dpf.ppn.gov.ar\/index.php\/wp-json\/wp\/v2\/comments?post=3400"}],"version-history":[{"count":43,"href":"https:\/\/dpf.ppn.gov.ar\/index.php\/wp-json\/wp\/v2\/pages\/3400\/revisions"}],"predecessor-version":[{"id":3715,"href":"https:\/\/dpf.ppn.gov.ar\/index.php\/wp-json\/wp\/v2\/pages\/3400\/revisions\/3715"}],"wp:attachment":[{"href":"https:\/\/dpf.ppn.gov.ar\/index.php\/wp-json\/wp\/v2\/media?parent=3400"}],"curies":[{"name":"wp","href":"https:\/\/api.w.org\/{rel}","templated":true}]}}