{"id":9,"date":"2020-09-30T10:50:00","date_gmt":"2020-09-30T10:50:00","guid":{"rendered":"https:\/\/qi5.qodeinteractive.com\/?page_id=9"},"modified":"2024-03-19T15:35:43","modified_gmt":"2024-03-19T15:35:43","slug":"home","status":"publish","type":"page","link":"https:\/\/dpf.ppn.gov.ar\/","title":{"rendered":"Home"},"content":{"rendered":"\t\t<div data-elementor-type=\"wp-page\" data-elementor-id=\"9\" class=\"elementor elementor-9\">\n\t\t\t\t\t\t<section class=\"elementor-section elementor-top-section elementor-element elementor-element-112777cd elementor-section-stretched elementor-section-height-full elementor-section-boxed elementor-section-height-default elementor-section-items-middle qodef-elementor-content-no\" data-id=\"112777cd\" data-element_type=\"section\" data-e-type=\"section\" data-settings=\"{&quot;stretch_section&quot;:&quot;section-stretched&quot;,&quot;background_background&quot;:&quot;classic&quot;}\">\n\t\t\t\t\t\t<div class=\"elementor-container elementor-column-gap-default\">\n\t\t\t\t\t<div class=\"elementor-column elementor-col-100 elementor-top-column elementor-element elementor-element-24f3d53b\" data-id=\"24f3d53b\" data-element_type=\"column\" data-e-type=\"column\">\n\t\t\t<div class=\"elementor-widget-wrap elementor-element-populated\">\n\t\t\t\t\t\t<div class=\"elementor-element elementor-element-65e50e64 elementor-invisible elementor-widget elementor-widget-text-editor\" data-id=\"65e50e64\" data-element_type=\"widget\" data-e-type=\"widget\" data-settings=\"{&quot;_animation&quot;:&quot;slideInLeft&quot;}\" data-widget_type=\"text-editor.default\">\n\t\t\t\t<div class=\"elementor-widget-container\">\n\t\t\t\t\t\t\t\t\t<h1><span style=\"color: #193952;\">DIAGN\u00d3STICO<\/span><br \/><span style=\"color: #193952;\">PENITENCIARIO<\/span><br \/><span style=\"color: #193952;\">FEDERAL (DPF)<\/span><\/h1>\t\t\t\t\t\t\t\t<\/div>\n\t\t\t\t<\/div>\n\t\t\t\t<div class=\"elementor-element elementor-element-33372227 elementor-absolute elementor-view-default elementor-widget elementor-widget-icon\" data-id=\"33372227\" data-element_type=\"widget\" data-e-type=\"widget\" data-settings=\"{&quot;_position&quot;:&quot;absolute&quot;}\" data-widget_type=\"icon.default\">\n\t\t\t\t<div class=\"elementor-widget-container\">\n\t\t\t\t\t\t\t<div class=\"elementor-icon-wrapper\">\n\t\t\t<a class=\"elementor-icon\" href=\"https:\/\/dpf.ppn.gov.ar\/#inicio\">\n\t\t\t<i aria-hidden=\"true\" class=\"fas fa-angle-down\"><\/i>\t\t\t<\/a>\n\t\t<\/div>\n\t\t\t\t\t\t<\/div>\n\t\t\t\t<\/div>\n\t\t\t\t\t<\/div>\n\t\t<\/div>\n\t\t\t\t\t<\/div>\n\t\t<\/section>\n\t\t\t\t<section class=\"elementor-section elementor-top-section elementor-element elementor-element-252cacb0 elementor-section-boxed elementor-section-height-default elementor-section-height-default qodef-elementor-content-no\" data-id=\"252cacb0\" data-element_type=\"section\" data-e-type=\"section\" id=\"inicio\">\n\t\t\t\t\t\t<div class=\"elementor-container elementor-column-gap-default\">\n\t\t\t\t\t<div class=\"elementor-column elementor-col-100 elementor-top-column elementor-element elementor-element-2e2aa8b2\" data-id=\"2e2aa8b2\" data-element_type=\"column\" data-e-type=\"column\">\n\t\t\t<div class=\"elementor-widget-wrap elementor-element-populated\">\n\t\t\t\t\t\t<div class=\"elementor-element elementor-element-36b80209 elementor-widget elementor-widget-qi_addons_for_elementor_section_title\" data-id=\"36b80209\" data-element_type=\"widget\" data-e-type=\"widget\" data-widget_type=\"qi_addons_for_elementor_section_title.default\">\n\t\t\t\t<div class=\"elementor-widget-container\">\n\t\t\t\t\t<div class=\"qodef-shortcode qodef-m qodef-qi-section-title qodef-decoration--italic qodef-link--underline-draw qodef-subtitle-icon--left\">\n\t\t\t<h4 class=\"qodef-m-title\">\n\t\t\u00bfCu\u00e1ntas personas entran en las c\u00e1rceles del Servicio Penitenciario Federal y en qu\u00e9 condiciones? \t<\/h4>\n\t\t\t\t<h6 class=\"qodef-m-subtitle\">\n\t\tLa respuesta al subt\u00edtulo de este trabajo no es obvia y ha habido diferentes acercamientos a la cuesti\u00f3n.\t\t\t<\/h6>\n\t\t\t<\/div>\n\t\t\t\t<\/div>\n\t\t\t\t<\/div>\n\t\t\t\t\t<\/div>\n\t\t<\/div>\n\t\t\t\t\t<\/div>\n\t\t<\/section>\n\t\t\t\t<section class=\"elementor-section elementor-top-section elementor-element elementor-element-372042bd elementor-section-boxed elementor-section-height-default elementor-section-height-default qodef-elementor-content-no\" data-id=\"372042bd\" data-element_type=\"section\" data-e-type=\"section\">\n\t\t\t\t\t\t<div class=\"elementor-container elementor-column-gap-default\">\n\t\t\t\t\t<div class=\"elementor-column elementor-col-33 elementor-top-column elementor-element elementor-element-77a1f63b\" data-id=\"77a1f63b\" data-element_type=\"column\" data-e-type=\"column\">\n\t\t\t<div class=\"elementor-widget-wrap elementor-element-populated\">\n\t\t\t\t\t\t<div class=\"elementor-element elementor-element-52f58635 elementor-widget elementor-widget-text-editor\" data-id=\"52f58635\" data-element_type=\"widget\" data-e-type=\"widget\" data-widget_type=\"text-editor.default\">\n\t\t\t\t<div class=\"elementor-widget-container\">\n\t\t\t\t\t\t\t\t\t<p>A <strong>nivel internacional<\/strong>, varios organismos han establecido par\u00e1metros m\u00ednimos para definir est\u00e1ndares de alojamiento, y fijan metros cuadrados y condiciones de habitabilidad b\u00e1sica para que el encierro no se transforme necesariamente en un trato cruel, inhumano y degradante. Sin embargo, en contextos de alt\u00edsimo nivel punitivo estas cuestiones son dejadas de lado en forma sistem\u00e1tica. Por eso, hace a\u00f1os que en distintas instancias se debate el tema del cupo carcelario.\u00a0<\/p>\t\t\t\t\t\t\t\t<\/div>\n\t\t\t\t<\/div>\n\t\t\t\t\t<\/div>\n\t\t<\/div>\n\t\t\t\t<div class=\"elementor-column elementor-col-66 elementor-top-column elementor-element elementor-element-3db2cdeb\" data-id=\"3db2cdeb\" data-element_type=\"column\" data-e-type=\"column\">\n\t\t\t<div class=\"elementor-widget-wrap elementor-element-populated\">\n\t\t\t\t\t\t<div class=\"elementor-element elementor-element-35b7b938 elementor-widget elementor-widget-text-editor\" data-id=\"35b7b938\" data-element_type=\"widget\" data-e-type=\"widget\" data-widget_type=\"text-editor.default\">\n\t\t\t\t<div class=\"elementor-widget-container\">\n\t\t\t\t\t\t\t\t\t<p>A <strong>nivel nacional<\/strong> la PPN ya en el a\u00f1o 2013 present\u00f3 una propuesta legislativa para el establecimiento del cupo carcelario y el control de la sobrepoblaci\u00f3n. En el a\u00f1o 2019 aprob\u00f3 sus est\u00e1ndares sobre condiciones materiales en lugares de privaci\u00f3n de libertad. Luego el CNPT y el Ministerio de Justicia fijaron tambi\u00e9n est\u00e1ndares, tomando en consideraci\u00f3n el trabajo de la PPN.<\/p>\t\t\t\t\t\t\t\t<\/div>\n\t\t\t\t<\/div>\n\t\t\t\t\t<\/div>\n\t\t<\/div>\n\t\t\t\t\t<\/div>\n\t\t<\/section>\n\t\t\t\t<section class=\"elementor-section elementor-top-section elementor-element elementor-element-590e1541 elementor-section-stretched elementor-section-boxed elementor-section-height-default elementor-section-height-default qodef-elementor-content-no\" data-id=\"590e1541\" data-element_type=\"section\" data-e-type=\"section\" data-settings=\"{&quot;background_background&quot;:&quot;classic&quot;,&quot;stretch_section&quot;:&quot;section-stretched&quot;}\">\n\t\t\t\t\t\t<div class=\"elementor-container elementor-column-gap-default\">\n\t\t\t\t\t<div class=\"elementor-column elementor-col-33 elementor-top-column elementor-element elementor-element-de764ea\" data-id=\"de764ea\" data-element_type=\"column\" data-e-type=\"column\">\n\t\t\t<div class=\"elementor-widget-wrap elementor-element-populated\">\n\t\t\t\t\t\t<div class=\"elementor-element elementor-element-1126b9c4 elementor-widget elementor-widget-text-editor\" data-id=\"1126b9c4\" data-element_type=\"widget\" data-e-type=\"widget\" data-widget_type=\"text-editor.default\">\n\t\t\t\t<div class=\"elementor-widget-container\">\n\t\t\t\t\t\t\t\t\t<p>Las discusiones sobre cupo carcelario han sido especialmente relevantes en el marco de los habeas corpus colectivos presentados por las instituciones que promueven los derechos de las personas presas, en los que se discuten en el \u00e1mbito judicial las condiciones de alojamiento de las personas detenidas.\u00a0<\/p><p>Es en este contexto que desde la PPN desarrollamos el proyecto de DPF.<strong> Buscamos producir herramientas e informaci\u00f3n que colaboren en el proceso de definici\u00f3n de la capacidad de alojamiento de las unidades del SPF<\/strong>, desde una perspectiva de derechos humanos. Hablamos justamente de proceso porque la definici\u00f3n de cupo no es una cuesti\u00f3n r\u00edgida ni cristalizada, sino que es un proceso permanente, en base a m\u00faltiples dimensiones a tener en cuenta.<\/p>\t\t\t\t\t\t\t\t<\/div>\n\t\t\t\t<\/div>\n\t\t\t\t\t<\/div>\n\t\t<\/div>\n\t\t\t\t<div class=\"elementor-column elementor-col-66 elementor-top-column elementor-element elementor-element-940f76c\" data-id=\"940f76c\" data-element_type=\"column\" data-e-type=\"column\">\n\t\t\t<div class=\"elementor-widget-wrap elementor-element-populated\">\n\t\t\t\t\t\t<div class=\"elementor-element elementor-element-274482a0 elementor-hidden-tablet elementor-hidden-phone elementor-widget elementor-widget-text-editor\" data-id=\"274482a0\" data-element_type=\"widget\" data-e-type=\"widget\" data-widget_type=\"text-editor.default\">\n\t\t\t\t<div class=\"elementor-widget-container\">\n\t\t\t\t\t\t\t\t\t<p><strong>Este proyecto se complementa con el trabajo que desde hace 20 a\u00f1os realiza la PPN en relaci\u00f3n al monitoreo de las condiciones materiales de detenci\u00f3n.<\/strong> Pero implica un salto cualitativo porque a partir de una misma metodolog\u00eda e indicadores comunes, y tomando como base los est\u00e1ndares internacionales y los propios est\u00e1ndares de condiciones m\u00ednimas establecidos por la PPN, se visitaron todas las unidades del SPF aplicando esta metodolog\u00eda.<\/p><p>El resultado es una bater\u00eda de informaci\u00f3n cuanti y cualitativa \u00fanica, por su magnitud y precisi\u00f3n, que ayudar\u00e1 al proceso colectivo de definici\u00f3n del cupo carcelario.\u00a0<\/p>\t\t\t\t\t\t\t\t<\/div>\n\t\t\t\t<\/div>\n\t\t\t\t\t<\/div>\n\t\t<\/div>\n\t\t\t\t\t<\/div>\n\t\t<\/section>\n\t\t\t\t<section class=\"elementor-section elementor-top-section elementor-element elementor-element-3921e37c elementor-section-boxed elementor-section-height-default elementor-section-height-default qodef-elementor-content-no\" data-id=\"3921e37c\" data-element_type=\"section\" data-e-type=\"section\">\n\t\t\t\t\t\t<div class=\"elementor-container elementor-column-gap-default\">\n\t\t\t\t\t<div class=\"elementor-column elementor-col-33 elementor-top-column elementor-element elementor-element-2f46f159\" data-id=\"2f46f159\" data-element_type=\"column\" data-e-type=\"column\">\n\t\t\t<div class=\"elementor-widget-wrap elementor-element-populated\">\n\t\t\t\t\t\t<div class=\"elementor-element elementor-element-71b42ded elementor-widget elementor-widget-text-editor\" data-id=\"71b42ded\" data-element_type=\"widget\" data-e-type=\"widget\" data-widget_type=\"text-editor.default\">\n\t\t\t\t<div class=\"elementor-widget-container\">\n\t\t\t\t\t\t\t\t\t<p><strong>Para realizar este diagn\u00f3stico visitamos entre octubre de 2021 y septiembre de 2022 todas las unidades carcelarias.<\/strong><br \/>En cada una, tomamos una muestra de una cantidad de pabellones (definida en funci\u00f3n del tama\u00f1o de cada unidad) y realizamos las mediciones espec\u00edficas de las condiciones materiales de detenci\u00f3n. Adem\u00e1s, realizamos recorridas y registros en los espacios comunes de atenci\u00f3n m\u00e9dica, recreaci\u00f3n, visitas, trabajo y educaci\u00f3n, y conversamos\u00a0 con las PPL y personal penitenciario.\u00a0<strong>En todas las visitas realizamos un registro fotogr\u00e1fico para acompa\u00f1ar el material producido.<\/strong><\/p><p>Adem\u00e1s, luego de cada inspecci\u00f3n se realiz\u00f3 un informe de cada unidad y se present\u00f3 una recomendaci\u00f3n, en la que se listaron los principales problemas en materia de condiciones de detenci\u00f3n y se solicit\u00f3 que se realicen reformas, restauraciones y refacciones materiales indispensables para condiciones b\u00e1sicas de habitabilidad; que se readec\u00fae la capacidad de detenidos alojados conforme lo dispone la normativa establecida por el Ministerio de Justicia y Derechos Humanos de la Naci\u00f3n; que se acondicionen los sectores de educaci\u00f3n, talleres laborales, espacios de recreaci\u00f3n, y espacios destinados a las visitas; que la poblaci\u00f3n tenga acceso a talleres laborales, educaci\u00f3n o atenci\u00f3n a la salud, entre otras recomendaciones.<\/p>\t\t\t\t\t\t\t\t<\/div>\n\t\t\t\t<\/div>\n\t\t\t\t\t<\/div>\n\t\t<\/div>\n\t\t\t\t<div class=\"elementor-column elementor-col-66 elementor-top-column elementor-element elementor-element-2221e7db\" data-id=\"2221e7db\" data-element_type=\"column\" data-e-type=\"column\">\n\t\t\t<div class=\"elementor-widget-wrap elementor-element-populated\">\n\t\t\t\t\t\t<div class=\"elementor-element elementor-element-2e39c8bb elementor-widget elementor-widget-qi_addons_for_elementor_section_title\" data-id=\"2e39c8bb\" data-element_type=\"widget\" data-e-type=\"widget\" data-widget_type=\"qi_addons_for_elementor_section_title.default\">\n\t\t\t\t<div class=\"elementor-widget-container\">\n\t\t\t\t\t<div class=\"qodef-shortcode qodef-m qodef-qi-section-title qodef-decoration--italic qodef-link--underline-draw qodef-subtitle-icon--left\">\n\t\t\t\t\t\t<h5 class=\"qodef-m-subtitle\">\n\t\tComo resultado, se puede acceder a un sistema de informaci\u00f3n abierto y accesible, con indicadores sobre la habitabilidad de cada una de las unidades. Pero adem\u00e1s, queda a disposici\u00f3n una metodolog\u00eda para que desde los propios servicios penitenciarios puedan incorporar est\u00e1ndares de medici\u00f3n del cupo carcelario.\u00a0\t\t\t<\/h5>\n\t\t\t<\/div>\n\t\t\t\t<\/div>\n\t\t\t\t<\/div>\n\t\t\t\t<div class=\"elementor-element elementor-element-32e64eaa elementor-align-left elementor-widget elementor-widget-button\" data-id=\"32e64eaa\" data-element_type=\"widget\" data-e-type=\"widget\" data-widget_type=\"button.default\">\n\t\t\t\t<div class=\"elementor-widget-container\">\n\t\t\t\t\t\t\t\t\t<div class=\"elementor-button-wrapper\">\n\t\t\t\t\t<a class=\"elementor-button elementor-button-link elementor-size-lg\" href=\"https:\/\/dpf.ppn.gov.ar\/wp-content\/uploads\/2023\/05\/Informe-Final-DPF.pdf\" target=\"_blank\">\n\t\t\t\t\t\t<span class=\"elementor-button-content-wrapper\">\n\t\t\t\t\t\t\t\t\t<span class=\"elementor-button-text\">Informe general del DPF<\/span>\n\t\t\t\t\t<\/span>\n\t\t\t\t\t<\/a>\n\t\t\t\t<\/div>\n\t\t\t\t\t\t\t\t<\/div>\n\t\t\t\t<\/div>\n\t\t\t\t\t<\/div>\n\t\t<\/div>\n\t\t\t\t\t<\/div>\n\t\t<\/section>\n\t\t\t\t<section class=\"elementor-section elementor-top-section elementor-element elementor-element-2a0ad73 elementor-section-boxed elementor-section-height-default elementor-section-height-default qodef-elementor-content-no\" data-id=\"2a0ad73\" data-element_type=\"section\" data-e-type=\"section\">\n\t\t\t\t\t\t<div class=\"elementor-container elementor-column-gap-default\">\n\t\t\t\t\t<div class=\"elementor-column elementor-col-100 elementor-top-column elementor-element elementor-element-4091284d\" data-id=\"4091284d\" data-element_type=\"column\" data-e-type=\"column\">\n\t\t\t<div class=\"elementor-widget-wrap elementor-element-populated\">\n\t\t\t\t\t\t<div class=\"elementor-element elementor-element-fdf2046 elementor-widget-divider--view-line elementor-widget elementor-widget-divider\" data-id=\"fdf2046\" data-element_type=\"widget\" data-e-type=\"widget\" data-widget_type=\"divider.default\">\n\t\t\t\t<div class=\"elementor-widget-container\">\n\t\t\t\t\t\t\t<div class=\"elementor-divider\">\n\t\t\t<span class=\"elementor-divider-separator\">\n\t\t\t\t\t\t<\/span>\n\t\t<\/div>\n\t\t\t\t\t\t<\/div>\n\t\t\t\t<\/div>\n\t\t\t\t<div class=\"elementor-element elementor-element-3462cfe elementor-widget elementor-widget-text-editor\" data-id=\"3462cfe\" data-element_type=\"widget\" data-e-type=\"widget\" data-widget_type=\"text-editor.default\">\n\t\t\t\t<div class=\"elementor-widget-container\">\n\t\t\t\t\t\t\t\t\t<p style=\"text-align: center;\">\u00a0Este proyecto fue realizado por la Procuraci\u00f3n Penitenciaria de la Naci\u00f3n con apoyo financiero del Fondo Especial del Protocolo Facultativo de la Convenci\u00f3n contra la Tortura de las Naciones Unidas (Fondo OPCAT).<\/p>\t\t\t\t\t\t\t\t<\/div>\n\t\t\t\t<\/div>\n\t\t\t\t\t<\/div>\n\t\t<\/div>\n\t\t\t\t\t<\/div>\n\t\t<\/section>\n\t\t\t\t<section class=\"elementor-section elementor-top-section elementor-element elementor-element-68e52e7 elementor-section-boxed elementor-section-height-default elementor-section-height-default qodef-elementor-content-no\" data-id=\"68e52e7\" data-element_type=\"section\" data-e-type=\"section\">\n\t\t\t\t\t\t<div class=\"elementor-container elementor-column-gap-default\">\n\t\t\t\t\t<div class=\"elementor-column elementor-col-100 elementor-top-column elementor-element elementor-element-1623768\" data-id=\"1623768\" data-element_type=\"column\" data-e-type=\"column\">\n\t\t\t<div class=\"elementor-widget-wrap elementor-element-populated\">\n\t\t\t\t\t\t<div class=\"elementor-element elementor-element-f95300b elementor-widget elementor-widget-video\" data-id=\"f95300b\" data-element_type=\"widget\" data-e-type=\"widget\" data-settings=\"{&quot;youtube_url&quot;:&quot;https:\\\/\\\/www.youtube.com\\\/watch?v=xHUfWXrydeQ&quot;,&quot;yt_privacy&quot;:&quot;yes&quot;,&quot;video_type&quot;:&quot;youtube&quot;,&quot;controls&quot;:&quot;yes&quot;}\" data-widget_type=\"video.default\">\n\t\t\t\t<div class=\"elementor-widget-container\">\n\t\t\t\t\t\t\t<div class=\"elementor-wrapper elementor-open-inline\">\n\t\t\t<div class=\"elementor-video\"><\/div>\t\t<\/div>\n\t\t\t\t\t\t<\/div>\n\t\t\t\t<\/div>\n\t\t\t\t<div class=\"elementor-element elementor-element-62912a3 elementor-widget elementor-widget-spacer\" data-id=\"62912a3\" data-element_type=\"widget\" data-e-type=\"widget\" data-widget_type=\"spacer.default\">\n\t\t\t\t<div class=\"elementor-widget-container\">\n\t\t\t\t\t\t\t<div class=\"elementor-spacer\">\n\t\t\t<div class=\"elementor-spacer-inner\"><\/div>\n\t\t<\/div>\n\t\t\t\t\t\t<\/div>\n\t\t\t\t<\/div>\n\t\t\t\t\t<\/div>\n\t\t<\/div>\n\t\t\t\t\t<\/div>\n\t\t<\/section>\n\t\t\t\t<\/div>\n\t\t","protected":false},"excerpt":{"rendered":"<p>DIAGN\u00d3STICOPENITENCIARIOFEDERAL (DPF) \u00bfCu\u00e1ntas personas entran en las c\u00e1rceles del Servicio Penitenciario Federal y en qu\u00e9 condiciones? La respuesta al subt\u00edtulo de este trabajo no es obvia y ha habido diferentes acercamientos a la cuesti\u00f3n. A nivel internacional, varios organismos han establecido par\u00e1metros m\u00ednimos para definir est\u00e1ndares de alojamiento, y fijan metros cuadrados y condiciones de [&hellip;]<\/p>\n","protected":false},"author":1,"featured_media":0,"parent":0,"menu_order":0,"comment_status":"closed","ping_status":"closed","template":"","meta":{"footnotes":""},"class_list":["post-9","page","type-page","status-publish","hentry"],"_links":{"self":[{"href":"https:\/\/dpf.ppn.gov.ar\/index.php\/wp-json\/wp\/v2\/pages\/9","targetHints":{"allow":["GET"]}}],"collection":[{"href":"https:\/\/dpf.ppn.gov.ar\/index.php\/wp-json\/wp\/v2\/pages"}],"about":[{"href":"https:\/\/dpf.ppn.gov.ar\/index.php\/wp-json\/wp\/v2\/types\/page"}],"author":[{"embeddable":true,"href":"https:\/\/dpf.ppn.gov.ar\/index.php\/wp-json\/wp\/v2\/users\/1"}],"replies":[{"embeddable":true,"href":"https:\/\/dpf.ppn.gov.ar\/index.php\/wp-json\/wp\/v2\/comments?post=9"}],"version-history":[{"count":22,"href":"https:\/\/dpf.ppn.gov.ar\/index.php\/wp-json\/wp\/v2\/pages\/9\/revisions"}],"predecessor-version":[{"id":3728,"href":"https:\/\/dpf.ppn.gov.ar\/index.php\/wp-json\/wp\/v2\/pages\/9\/revisions\/3728"}],"wp:attachment":[{"href":"https:\/\/dpf.ppn.gov.ar\/index.php\/wp-json\/wp\/v2\/media?parent=9"}],"curies":[{"name":"wp","href":"https:\/\/api.w.org\/{rel}","templated":true}]}}